{"id":1528,"date":"2019-11-11T16:06:23","date_gmt":"2019-11-11T18:06:23","guid":{"rendered":"https:\/\/www.olimpiadaambiental.se.gov.br\/?page_id=1528"},"modified":"2019-11-11T16:11:25","modified_gmt":"2019-11-11T18:11:25","slug":"instituicoes-classificadas-por-modalidade%e2%80%8b","status":"publish","type":"page","link":"https:\/\/olimpiadaambiental.se.gov.br\/?page_id=1528","title":{"rendered":"Institui\u00e7\u00f5es classificadas por modalidade na XII Ol\u00edmpiada Ambiental:\u200b"},"content":{"rendered":"\t\t<div data-elementor-type=\"wp-page\" data-elementor-id=\"1528\" class=\"elementor elementor-1528\">\n\t\t\t\t\t\t<section class=\"elementor-section elementor-top-section elementor-element elementor-element-54a78a1 elementor-section-boxed elementor-section-height-default elementor-section-height-default\" data-id=\"54a78a1\" data-element_type=\"section\" data-e-type=\"section\">\n\t\t\t\t\t\t<div class=\"elementor-container elementor-column-gap-default\">\n\t\t\t\t\t<div class=\"elementor-column elementor-col-100 elementor-top-column elementor-element elementor-element-8de2542\" data-id=\"8de2542\" data-element_type=\"column\" data-e-type=\"column\">\n\t\t\t<div class=\"elementor-widget-wrap elementor-element-populated\">\n\t\t\t\t\t\t<div class=\"elementor-element elementor-element-161a97c elementor-widget elementor-widget-heading\" data-id=\"161a97c\" data-element_type=\"widget\" data-e-type=\"widget\" data-widget_type=\"heading.default\">\n\t\t\t\t<div class=\"elementor-widget-container\">\n\t\t\t\t\t<h1 class=\"elementor-heading-title elementor-size-default\">Institui\u00e7\u00f5es classificadas por modalidade na XII Ol\u00edmpiada Ambiental:\u200b<\/h1>\t\t\t\t<\/div>\n\t\t\t\t<\/div>\n\t\t\t\t<section class=\"elementor-section elementor-inner-section elementor-element elementor-element-663d193 elementor-section-boxed elementor-section-height-default elementor-section-height-default\" data-id=\"663d193\" data-element_type=\"section\" data-e-type=\"section\">\n\t\t\t\t\t\t<div class=\"elementor-container elementor-column-gap-default\">\n\t\t\t\t\t<div class=\"elementor-column elementor-col-33 elementor-inner-column elementor-element elementor-element-aebb44c\" data-id=\"aebb44c\" data-element_type=\"column\" data-e-type=\"column\">\n\t\t\t<div class=\"elementor-widget-wrap elementor-element-populated\">\n\t\t\t\t\t\t<div class=\"elementor-element elementor-element-095be18 elementor-widget elementor-widget-text-editor\" data-id=\"095be18\" data-element_type=\"widget\" data-e-type=\"widget\" data-widget_type=\"text-editor.default\">\n\t\t\t\t<div class=\"elementor-widget-container\">\n\t\t\t\t\t\t\t\t\t<p style=\"text-align: center;\"><strong>MODALIDADE: <u>ARTES\u00a0<br \/><\/u>(Pintura, Cartaz, Maquete)<\/strong><\/p><p style=\"text-align: center;\">Escola Municipal Ant\u00f4nio da Cruz Filho \u2013 Campo do Brito<\/p><p style=\"text-align: center;\">Col\u00e9gio CEPI Expans\u00e3o \u2013 Aracaju<\/p><p style=\"text-align: center;\">Escola de Educa\u00e7\u00e3o Especial Jo\u00e3o Cardoso Nascimento J\u00fanior \u2013 Aracaju<\/p><p style=\"text-align: center;\">Escola Rotary Clube \u2013 Lagarto<\/p><p style=\"text-align: center;\">Projeto RECRIARTE \u2013 Aracaju<\/p><p style=\"text-align: center;\">Escola Municipal Petronilho De Menezes Cotias &#8211; Nossa Senhora das Dores<\/p><p style=\"text-align: center;\">Col\u00e9gio Bom Pastor \u2013 Aracaju<\/p><p style=\"text-align: center;\">Escola Municipal Professora Maria L\u00edgia dos Santos Moura \u2013 Barra dos Coqueiros<\/p><p style=\"text-align: center;\">Escola Municipal Mateus Jos\u00e9 De Oliveira \u2013 Lagarto<\/p><p style=\"text-align: center;\">Escola Estadual Nossa Senhora da Piedade \u2013 Lagarto<\/p><p style=\"text-align: center;\">Escola Municipal Paulino Vieira do Nascimento \u2013 Lagarto<\/p><p style=\"text-align: center;\">Escola EMEF Florentino Menezes \u2013 Aracaju<\/p><p style=\"text-align: center;\">Escola Nossa Senhora da Concei\u00e7\u00e3o \u2013 Aquidab\u00e3<\/p><p style=\"text-align: center;\">Escola EMEI Jovino Pinto \u2013 Aracaju<\/p><p style=\"text-align: center;\">Unidade de Ensino Jo\u00e3o Almeida Rocha \u2013 Lagarto<\/p><p style=\"text-align: center;\">Escola Municipal Pedro Batista Prata \u2013 Lagarto<\/p>\t\t\t\t\t\t\t\t<\/div>\n\t\t\t\t<\/div>\n\t\t\t\t\t<\/div>\n\t\t<\/div>\n\t\t\t\t<div class=\"elementor-column elementor-col-33 elementor-inner-column elementor-element elementor-element-f3831ca\" data-id=\"f3831ca\" data-element_type=\"column\" data-e-type=\"column\">\n\t\t\t<div class=\"elementor-widget-wrap elementor-element-populated\">\n\t\t\t\t\t\t<div class=\"elementor-element elementor-element-70c98f1 elementor-widget elementor-widget-text-editor\" data-id=\"70c98f1\" data-element_type=\"widget\" data-e-type=\"widget\" data-widget_type=\"text-editor.default\">\n\t\t\t\t<div class=\"elementor-widget-container\">\n\t\t\t\t\t\t\t\t\t<p style=\"text-align: center;\"><strong>MODALIDADE: <u>PRODU\u00c7\u00c3O DE TEXTO<br \/><\/u>(Literatura de Cordel, Reda\u00e7\u00e3o, Quadrinhos)<\/strong><\/p><p style=\"text-align: center;\">Escola Municipal Mateus Jose De Oliveira \u2013 Lagarto<\/p><p style=\"text-align: center;\">Col\u00e9gio Estadual Cleonice Soares Fonseca \u2013 Boquim<\/p><p style=\"text-align: center;\">Escola Municipal Professora Clara Meireles Teles \u2013 Itabaiana<\/p><p style=\"text-align: center;\">Col\u00e9gio Estadual Nelson R. de Albuquerque \u2013 Gararu<\/p><p style=\"text-align: center;\">Col\u00e9gio M\u00f3dulo \u2013 Aracaju<\/p><p style=\"text-align: center;\">Escola Municipal Santo Ant\u00f4nio de P\u00e1dua \u2013 Riach\u00e3o do Dantas<\/p><p style=\"text-align: center;\">SENAC \u2013 Aracaju<\/p><p style=\"text-align: center;\">Escola Estadual Dr. Evandro Mendes \u2013 Lagarto<\/p><p style=\"text-align: center;\">Col\u00e9gio Estadual Djenal Tavares de Queir\u00f3z \u2013 Moita Bonita<\/p><p style=\"text-align: center;\">Col\u00e9gio Bom Pastor \u2013 Aracaju<\/p><p style=\"text-align: center;\">Gr\u00eamio Escolar Pequeno Pr\u00edncipe Ltda \u2013 Lagarto<\/p><p style=\"text-align: center;\">Centro de Educa\u00e7\u00e3o Profissional Governador Seixas D\u00f3ria \u2013 N. S. Socorro<\/p><p style=\"text-align: center;\">\u00a0Col\u00e9gio Estadual Silvio Romero \u2013 Lagarto<\/p><p style=\"text-align: center;\">Col\u00e9gio Amadeus \u2013 Aracaju<\/p><p style=\"text-align: center;\">Col\u00e9gio Estadual Manoel Alcino do Nascimento \u2013 Gracho Cardoso<\/p><p style=\"text-align: center;\">SESI &#8211; Escola Roberto Simonsen \u2013 Aracaju<\/p><p style=\"text-align: center;\">Escola Estadual Prof. Benedito Oliveira \u2013 Aracaju<\/p><p style=\"text-align: center;\">Col\u00e9gio Estadual Severiano Cardoso \u2013 Boquim<\/p><p style=\"text-align: center;\">Col\u00e9gio CEPI Expans\u00e3o \u2013 Aracaju<\/p><p style=\"text-align: center;\">Centro De Educa\u00e7\u00e3o B\u00e1sica Auxiliadora Paes Mendonca &#8211; S Sebastiao &#8211;\u00a0 Ribeir\u00f3polis<\/p>\t\t\t\t\t\t\t\t<\/div>\n\t\t\t\t<\/div>\n\t\t\t\t\t<\/div>\n\t\t<\/div>\n\t\t\t\t<div class=\"elementor-column elementor-col-33 elementor-inner-column elementor-element elementor-element-798547f\" data-id=\"798547f\" data-element_type=\"column\" data-e-type=\"column\">\n\t\t\t<div class=\"elementor-widget-wrap elementor-element-populated\">\n\t\t\t\t\t\t<div class=\"elementor-element elementor-element-226ea85 elementor-widget elementor-widget-text-editor\" data-id=\"226ea85\" data-element_type=\"widget\" data-e-type=\"widget\" data-widget_type=\"text-editor.default\">\n\t\t\t\t<div class=\"elementor-widget-container\">\n\t\t\t\t\t\t\t\t\t<p style=\"text-align: center;\"><strong>MODALIDADE: <\/strong><u><strong>EDUCOMUNICA\u00c7\u00c3O<\/strong><br \/><\/u>(<strong>M\u00fasica, V\u00eddeo Aula)<\/strong><\/p><p style=\"text-align: center;\">COL\u00c9GIO ESTADUAL NELSON MANDELA \u2013 Aracaju<\/p><p style=\"text-align: center;\">SENAC \u2013 Aracaju \u00a0<\/p><p style=\"text-align: center;\">Centro Educacional Mundo M\u00e1gico \u2013 Barra dos Coqueiros<\/p><p style=\"text-align: center;\">Gr\u00eamio Escolar Pequeno Pr\u00edncipe Ltda \u2013 Lagarto<\/p><p style=\"text-align: center;\">Col\u00e9gio Estadual Prof. Nilson Socorro \u2013 N. S. Socorro<\/p><p style=\"text-align: center;\">Col\u00e9gio Estadual Manoel Alcino do Nascimento \u2013 Gracho Cardoso<\/p><p style=\"text-align: center;\">Centro Estadual de Educa\u00e7\u00e3o Profissional Agonalto Pacheco da Silva \u2013 Ne\u00f3polis<\/p><p style=\"text-align: center;\">Col\u00e9gio Estadual Cleonice Soares Fonseca \u2013 Boquim<\/p><p style=\"text-align: center;\">Escola de Ensino Fundamental e M\u00e9dio Jo\u00e3o Batista da Rocha &#8211; Est\u00e2ncia<\/p>\t\t\t\t\t\t\t\t<\/div>\n\t\t\t\t<\/div>\n\t\t\t\t\t<\/div>\n\t\t<\/div>\n\t\t\t\t\t<\/div>\n\t\t<\/section>\n\t\t\t\t<div class=\"elementor-element elementor-element-dec59d1 elementor-widget elementor-widget-text-editor\" data-id=\"dec59d1\" data-element_type=\"widget\" data-e-type=\"widget\" data-widget_type=\"text-editor.default\">\n\t\t\t\t<div class=\"elementor-widget-container\">\n\t\t\t\t\t\t\t\t\t<p><span style=\"font-size: 8pt;\">Observa\u00e7\u00e3o:\u00a0<\/span><br \/><span style=\"font-size: 8pt;\">&#8220;A classifica\u00e7\u00e3o ser\u00e1 divulgada no dia do evento (27\/11\/2019), logo a listadas institui\u00e7\u00f5es divulgadas acima, n\u00e3o segue a ordem de classifica\u00e7\u00e3o&#8221;<\/span><\/p>\t\t\t\t\t\t\t\t<\/div>\n\t\t\t\t<\/div>\n\t\t\t\t\t<\/div>\n\t\t<\/div>\n\t\t\t\t\t<\/div>\n\t\t<\/section>\n\t\t\t\t<\/div>\n\t\t","protected":false},"excerpt":{"rendered":"<p>Institui\u00e7\u00f5es classificadas por modalidade na XII Ol\u00edmpiada Ambiental:\u200b MODALIDADE: ARTES\u00a0(Pintura, Cartaz, Maquete) Escola Municipal Ant\u00f4nio da Cruz Filho \u2013 Campo do Brito Col\u00e9gio CEPI Expans\u00e3o \u2013 Aracaju Escola de Educa\u00e7\u00e3o Especial Jo\u00e3o Cardoso Nascimento J\u00fanior \u2013 Aracaju Escola Rotary Clube &hellip; <a href=\"https:\/\/olimpiadaambiental.se.gov.br\/?page_id=1528\">Conte\u00fado<\/a><\/p>\n","protected":false},"author":6,"featured_media":0,"parent":0,"menu_order":0,"comment_status":"closed","ping_status":"closed","template":"elementor_canvas","meta":{"kt_blocks_editor_width":"","footnotes":""},"class_list":["post-1528","page","type-page","status-publish","hentry"],"yoast_head":"<!-- This site is optimized with the Yoast SEO plugin v27.4 - https:\/\/yoast.com\/product\/yoast-seo-wordpress\/ -->\n<title>Institui\u00e7\u00f5es classificadas por modalidade na XII Ol\u00edmpiada Ambiental:\u200b - Olimp\u00edada Ambiental de Sergipe<\/title>\n<meta name=\"robots\" content=\"index, follow, max-snippet:-1, max-image-preview:large, max-video-preview:-1\" \/>\n<link rel=\"canonical\" href=\"https:\/\/olimpiadaambiental.se.gov.br\/?page_id=1528\" \/>\n<meta property=\"og:locale\" content=\"pt_BR\" \/>\n<meta property=\"og:type\" content=\"article\" \/>\n<meta property=\"og:title\" content=\"Institui\u00e7\u00f5es classificadas por modalidade na XII Ol\u00edmpiada Ambiental:\u200b - Olimp\u00edada Ambiental de Sergipe\" \/>\n<meta property=\"og:description\" content=\"Institui\u00e7\u00f5es classificadas por modalidade na XII Ol\u00edmpiada Ambiental:\u200b MODALIDADE: ARTES\u00a0(Pintura, Cartaz, Maquete) Escola Municipal Ant\u00f4nio da Cruz Filho \u2013 Campo do Brito Col\u00e9gio CEPI Expans\u00e3o \u2013 Aracaju Escola de Educa\u00e7\u00e3o Especial Jo\u00e3o Cardoso Nascimento J\u00fanior \u2013 Aracaju Escola Rotary Clube &hellip; Conte\u00fado\" \/>\n<meta property=\"og:url\" content=\"https:\/\/olimpiadaambiental.se.gov.br\/?page_id=1528\" \/>\n<meta property=\"og:site_name\" content=\"Olimp\u00edada Ambiental de Sergipe\" \/>\n<meta property=\"article:modified_time\" content=\"2019-11-11T18:11:25+00:00\" \/>\n<meta name=\"twitter:card\" content=\"summary_large_image\" \/>\n<meta name=\"twitter:label1\" content=\"Est. tempo de leitura\" \/>\n\t<meta name=\"twitter:data1\" content=\"2 minutos\" \/>\n<script type=\"application\/ld+json\" class=\"yoast-schema-graph\">{\"@context\":\"https:\\\/\\\/schema.org\",\"@graph\":[{\"@type\":\"WebPage\",\"@id\":\"https:\\\/\\\/olimpiadaambiental.se.gov.br\\\/?page_id=1528\",\"url\":\"https:\\\/\\\/olimpiadaambiental.se.gov.br\\\/?page_id=1528\",\"name\":\"Institui\u00e7\u00f5es classificadas por modalidade na XII Ol\u00edmpiada Ambiental:\u200b - Olimp\u00edada Ambiental de Sergipe\",\"isPartOf\":{\"@id\":\"https:\\\/\\\/olimpiadaambiental.se.gov.br\\\/#website\"},\"datePublished\":\"2019-11-11T18:06:23+00:00\",\"dateModified\":\"2019-11-11T18:11:25+00:00\",\"breadcrumb\":{\"@id\":\"https:\\\/\\\/olimpiadaambiental.se.gov.br\\\/?page_id=1528#breadcrumb\"},\"inLanguage\":\"pt-BR\",\"potentialAction\":[{\"@type\":\"ReadAction\",\"target\":[\"https:\\\/\\\/olimpiadaambiental.se.gov.br\\\/?page_id=1528\"]}]},{\"@type\":\"BreadcrumbList\",\"@id\":\"https:\\\/\\\/olimpiadaambiental.se.gov.br\\\/?page_id=1528#breadcrumb\",\"itemListElement\":[{\"@type\":\"ListItem\",\"position\":1,\"name\":\"Home\",\"item\":\"https:\\\/\\\/olimpiadaambiental.se.gov.br\\\/\"},{\"@type\":\"ListItem\",\"position\":2,\"name\":\"Institui\u00e7\u00f5es classificadas por modalidade na XII Ol\u00edmpiada Ambiental:\u200b\"}]},{\"@type\":\"WebSite\",\"@id\":\"https:\\\/\\\/olimpiadaambiental.se.gov.br\\\/#website\",\"url\":\"https:\\\/\\\/olimpiadaambiental.se.gov.br\\\/\",\"name\":\"Olimp\u00edada Ambiental de Sergipe\",\"description\":\"\",\"potentialAction\":[{\"@type\":\"SearchAction\",\"target\":{\"@type\":\"EntryPoint\",\"urlTemplate\":\"https:\\\/\\\/olimpiadaambiental.se.gov.br\\\/?s={search_term_string}\"},\"query-input\":{\"@type\":\"PropertyValueSpecification\",\"valueRequired\":true,\"valueName\":\"search_term_string\"}}],\"inLanguage\":\"pt-BR\"}]}<\/script>\n<!-- \/ Yoast SEO plugin. -->","yoast_head_json":{"title":"Institui\u00e7\u00f5es classificadas por modalidade na XII Ol\u00edmpiada Ambiental:\u200b - Olimp\u00edada Ambiental de Sergipe","robots":{"index":"index","follow":"follow","max-snippet":"max-snippet:-1","max-image-preview":"max-image-preview:large","max-video-preview":"max-video-preview:-1"},"canonical":"https:\/\/olimpiadaambiental.se.gov.br\/?page_id=1528","og_locale":"pt_BR","og_type":"article","og_title":"Institui\u00e7\u00f5es classificadas por modalidade na XII Ol\u00edmpiada Ambiental:\u200b - Olimp\u00edada Ambiental de Sergipe","og_description":"Institui\u00e7\u00f5es classificadas por modalidade na XII Ol\u00edmpiada Ambiental:\u200b MODALIDADE: ARTES\u00a0(Pintura, Cartaz, Maquete) Escola Municipal Ant\u00f4nio da Cruz Filho \u2013 Campo do Brito Col\u00e9gio CEPI Expans\u00e3o \u2013 Aracaju Escola de Educa\u00e7\u00e3o Especial Jo\u00e3o Cardoso Nascimento J\u00fanior \u2013 Aracaju Escola Rotary Clube &hellip; Conte\u00fado","og_url":"https:\/\/olimpiadaambiental.se.gov.br\/?page_id=1528","og_site_name":"Olimp\u00edada Ambiental de Sergipe","article_modified_time":"2019-11-11T18:11:25+00:00","twitter_card":"summary_large_image","twitter_misc":{"Est. tempo de leitura":"2 minutos"},"schema":{"@context":"https:\/\/schema.org","@graph":[{"@type":"WebPage","@id":"https:\/\/olimpiadaambiental.se.gov.br\/?page_id=1528","url":"https:\/\/olimpiadaambiental.se.gov.br\/?page_id=1528","name":"Institui\u00e7\u00f5es classificadas por modalidade na XII Ol\u00edmpiada Ambiental:\u200b - Olimp\u00edada Ambiental de Sergipe","isPartOf":{"@id":"https:\/\/olimpiadaambiental.se.gov.br\/#website"},"datePublished":"2019-11-11T18:06:23+00:00","dateModified":"2019-11-11T18:11:25+00:00","breadcrumb":{"@id":"https:\/\/olimpiadaambiental.se.gov.br\/?page_id=1528#breadcrumb"},"inLanguage":"pt-BR","potentialAction":[{"@type":"ReadAction","target":["https:\/\/olimpiadaambiental.se.gov.br\/?page_id=1528"]}]},{"@type":"BreadcrumbList","@id":"https:\/\/olimpiadaambiental.se.gov.br\/?page_id=1528#breadcrumb","itemListElement":[{"@type":"ListItem","position":1,"name":"Home","item":"https:\/\/olimpiadaambiental.se.gov.br\/"},{"@type":"ListItem","position":2,"name":"Institui\u00e7\u00f5es classificadas por modalidade na XII Ol\u00edmpiada Ambiental:\u200b"}]},{"@type":"WebSite","@id":"https:\/\/olimpiadaambiental.se.gov.br\/#website","url":"https:\/\/olimpiadaambiental.se.gov.br\/","name":"Olimp\u00edada Ambiental de Sergipe","description":"","potentialAction":[{"@type":"SearchAction","target":{"@type":"EntryPoint","urlTemplate":"https:\/\/olimpiadaambiental.se.gov.br\/?s={search_term_string}"},"query-input":{"@type":"PropertyValueSpecification","valueRequired":true,"valueName":"search_term_string"}}],"inLanguage":"pt-BR"}]}},"_links":{"self":[{"href":"https:\/\/olimpiadaambiental.se.gov.br\/index.php?rest_route=\/wp\/v2\/pages\/1528","targetHints":{"allow":["GET"]}}],"collection":[{"href":"https:\/\/olimpiadaambiental.se.gov.br\/index.php?rest_route=\/wp\/v2\/pages"}],"about":[{"href":"https:\/\/olimpiadaambiental.se.gov.br\/index.php?rest_route=\/wp\/v2\/types\/page"}],"author":[{"embeddable":true,"href":"https:\/\/olimpiadaambiental.se.gov.br\/index.php?rest_route=\/wp\/v2\/users\/6"}],"replies":[{"embeddable":true,"href":"https:\/\/olimpiadaambiental.se.gov.br\/index.php?rest_route=%2Fwp%2Fv2%2Fcomments&post=1528"}],"version-history":[{"count":6,"href":"https:\/\/olimpiadaambiental.se.gov.br\/index.php?rest_route=\/wp\/v2\/pages\/1528\/revisions"}],"predecessor-version":[{"id":1541,"href":"https:\/\/olimpiadaambiental.se.gov.br\/index.php?rest_route=\/wp\/v2\/pages\/1528\/revisions\/1541"}],"wp:attachment":[{"href":"https:\/\/olimpiadaambiental.se.gov.br\/index.php?rest_route=%2Fwp%2Fv2%2Fmedia&parent=1528"}],"curies":[{"name":"wp","href":"https:\/\/api.w.org\/{rel}","templated":true}]}}