{"id":22,"date":"2017-01-10T16:11:58","date_gmt":"2017-01-10T18:11:58","guid":{"rendered":"http:\/\/172.28.64.123\/sites\/olimpiada\/?page_id=22"},"modified":"2019-08-06T23:49:15","modified_gmt":"2019-08-07T02:49:15","slug":"quem-pode-participar","status":"publish","type":"page","link":"https:\/\/olimpiadaambiental.se.gov.br\/?page_id=22","title":{"rendered":"Quem pode participar"},"content":{"rendered":"<style type=\"text\/css\"><\/style>\n<section class=\"kc-elm kc-css-4000425 kc_row\">\n<div class=\"kc-row-container  kc-container\">\n<div class=\"kc-wrap-columns\">\n<div class=\"kc-elm kc-css-3960354 kc_col-sm-12 kc_column kc_col-sm-12\">\n<div class=\"kc-col-container\">\n<div class=\"kc-elm kc-css-2647202 kc_text_block\">\n<p><strong>Conforme previ<\/strong><strong>sto no Art. 1. do Cap\u00edtulo II<\/strong><\/p>\n<p>&#8220;Poder\u00e3o participar todos os alunos devidamente matriculados e professores em exerc\u00edcio da fun\u00e7\u00e3o das Redes P\u00fablicas (Municipal, Estadual e Federal), Particulares do Estado de Sergipe e ONGs que realizam trabalhos sociais e educacionais, abrangendo todos os n\u00edveis e modalidades de ensino, exceto n\u00edvel superior, desde que satisfa\u00e7am as condi\u00e7\u00f5es previstas neste projeto.&#8221;<\/p>\n<\/div>\n<\/div>\n<\/div>\n<\/div>\n<\/div>\n<\/section>\n","protected":false},"excerpt":{"rendered":"<p>Conforme previsto no Art. 1. do Cap\u00edtulo II &#8220;Poder\u00e3o participar todos os alunos devidamente matriculados e professores em exerc\u00edcio da fun\u00e7\u00e3o das Redes P\u00fablicas (Municipal, Estadual e Federal), Particulares do Estado de Sergipe e ONGs que realizam trabalhos sociais e &hellip; <a href=\"https:\/\/olimpiadaambiental.se.gov.br\/?page_id=22\">Conte\u00fado<\/a><\/p>\n","protected":false},"author":1,"featured_media":0,"parent":0,"menu_order":0,"comment_status":"closed","ping_status":"closed","template":"page-fullwidth.php","meta":{"kt_blocks_editor_width":"","footnotes":""},"class_list":["post-22","page","type-page","status-publish","hentry"],"yoast_head":"<!-- This site is optimized with the Yoast SEO plugin v27.4 - https:\/\/yoast.com\/product\/yoast-seo-wordpress\/ -->\n<title>Quem pode participar - Olimp\u00edada Ambiental de Sergipe<\/title>\n<meta name=\"robots\" content=\"index, follow, max-snippet:-1, max-image-preview:large, max-video-preview:-1\" \/>\n<link rel=\"canonical\" href=\"https:\/\/olimpiadaambiental.se.gov.br\/?page_id=22\" \/>\n<meta property=\"og:locale\" content=\"pt_BR\" \/>\n<meta property=\"og:type\" content=\"article\" \/>\n<meta property=\"og:title\" content=\"Quem pode participar - Olimp\u00edada Ambiental de Sergipe\" \/>\n<meta property=\"og:description\" content=\"Conforme previsto no Art. 1. do Cap\u00edtulo II &#8220;Poder\u00e3o participar todos os alunos devidamente matriculados e professores em exerc\u00edcio da fun\u00e7\u00e3o das Redes P\u00fablicas (Municipal, Estadual e Federal), Particulares do Estado de Sergipe e ONGs que realizam trabalhos sociais e &hellip; Conte\u00fado\" \/>\n<meta property=\"og:url\" content=\"https:\/\/olimpiadaambiental.se.gov.br\/?page_id=22\" \/>\n<meta property=\"og:site_name\" content=\"Olimp\u00edada Ambiental de Sergipe\" \/>\n<meta property=\"article:modified_time\" content=\"2019-08-07T02:49:15+00:00\" \/>\n<meta name=\"twitter:card\" content=\"summary_large_image\" \/>\n<script type=\"application\/ld+json\" class=\"yoast-schema-graph\">{\"@context\":\"https:\\\/\\\/schema.org\",\"@graph\":[{\"@type\":\"WebPage\",\"@id\":\"https:\\\/\\\/olimpiadaambiental.se.gov.br\\\/?page_id=22\",\"url\":\"https:\\\/\\\/olimpiadaambiental.se.gov.br\\\/?page_id=22\",\"name\":\"Quem pode participar - Olimp\u00edada Ambiental de Sergipe\",\"isPartOf\":{\"@id\":\"https:\\\/\\\/olimpiadaambiental.se.gov.br\\\/#website\"},\"datePublished\":\"2017-01-10T18:11:58+00:00\",\"dateModified\":\"2019-08-07T02:49:15+00:00\",\"breadcrumb\":{\"@id\":\"https:\\\/\\\/olimpiadaambiental.se.gov.br\\\/?page_id=22#breadcrumb\"},\"inLanguage\":\"pt-BR\",\"potentialAction\":[{\"@type\":\"ReadAction\",\"target\":[\"https:\\\/\\\/olimpiadaambiental.se.gov.br\\\/?page_id=22\"]}]},{\"@type\":\"BreadcrumbList\",\"@id\":\"https:\\\/\\\/olimpiadaambiental.se.gov.br\\\/?page_id=22#breadcrumb\",\"itemListElement\":[{\"@type\":\"ListItem\",\"position\":1,\"name\":\"Home\",\"item\":\"https:\\\/\\\/olimpiadaambiental.se.gov.br\\\/\"},{\"@type\":\"ListItem\",\"position\":2,\"name\":\"Quem pode participar\"}]},{\"@type\":\"WebSite\",\"@id\":\"https:\\\/\\\/olimpiadaambiental.se.gov.br\\\/#website\",\"url\":\"https:\\\/\\\/olimpiadaambiental.se.gov.br\\\/\",\"name\":\"Olimp\u00edada Ambiental de Sergipe\",\"description\":\"\",\"potentialAction\":[{\"@type\":\"SearchAction\",\"target\":{\"@type\":\"EntryPoint\",\"urlTemplate\":\"https:\\\/\\\/olimpiadaambiental.se.gov.br\\\/?s={search_term_string}\"},\"query-input\":{\"@type\":\"PropertyValueSpecification\",\"valueRequired\":true,\"valueName\":\"search_term_string\"}}],\"inLanguage\":\"pt-BR\"}]}<\/script>\n<!-- \/ Yoast SEO plugin. -->","yoast_head_json":{"title":"Quem pode participar - Olimp\u00edada Ambiental de Sergipe","robots":{"index":"index","follow":"follow","max-snippet":"max-snippet:-1","max-image-preview":"max-image-preview:large","max-video-preview":"max-video-preview:-1"},"canonical":"https:\/\/olimpiadaambiental.se.gov.br\/?page_id=22","og_locale":"pt_BR","og_type":"article","og_title":"Quem pode participar - Olimp\u00edada Ambiental de Sergipe","og_description":"Conforme previsto no Art. 1. do Cap\u00edtulo II &#8220;Poder\u00e3o participar todos os alunos devidamente matriculados e professores em exerc\u00edcio da fun\u00e7\u00e3o das Redes P\u00fablicas (Municipal, Estadual e Federal), Particulares do Estado de Sergipe e ONGs que realizam trabalhos sociais e &hellip; Conte\u00fado","og_url":"https:\/\/olimpiadaambiental.se.gov.br\/?page_id=22","og_site_name":"Olimp\u00edada Ambiental de Sergipe","article_modified_time":"2019-08-07T02:49:15+00:00","twitter_card":"summary_large_image","schema":{"@context":"https:\/\/schema.org","@graph":[{"@type":"WebPage","@id":"https:\/\/olimpiadaambiental.se.gov.br\/?page_id=22","url":"https:\/\/olimpiadaambiental.se.gov.br\/?page_id=22","name":"Quem pode participar - Olimp\u00edada Ambiental de Sergipe","isPartOf":{"@id":"https:\/\/olimpiadaambiental.se.gov.br\/#website"},"datePublished":"2017-01-10T18:11:58+00:00","dateModified":"2019-08-07T02:49:15+00:00","breadcrumb":{"@id":"https:\/\/olimpiadaambiental.se.gov.br\/?page_id=22#breadcrumb"},"inLanguage":"pt-BR","potentialAction":[{"@type":"ReadAction","target":["https:\/\/olimpiadaambiental.se.gov.br\/?page_id=22"]}]},{"@type":"BreadcrumbList","@id":"https:\/\/olimpiadaambiental.se.gov.br\/?page_id=22#breadcrumb","itemListElement":[{"@type":"ListItem","position":1,"name":"Home","item":"https:\/\/olimpiadaambiental.se.gov.br\/"},{"@type":"ListItem","position":2,"name":"Quem pode participar"}]},{"@type":"WebSite","@id":"https:\/\/olimpiadaambiental.se.gov.br\/#website","url":"https:\/\/olimpiadaambiental.se.gov.br\/","name":"Olimp\u00edada Ambiental de Sergipe","description":"","potentialAction":[{"@type":"SearchAction","target":{"@type":"EntryPoint","urlTemplate":"https:\/\/olimpiadaambiental.se.gov.br\/?s={search_term_string}"},"query-input":{"@type":"PropertyValueSpecification","valueRequired":true,"valueName":"search_term_string"}}],"inLanguage":"pt-BR"}]}},"_links":{"self":[{"href":"https:\/\/olimpiadaambiental.se.gov.br\/index.php?rest_route=\/wp\/v2\/pages\/22","targetHints":{"allow":["GET"]}}],"collection":[{"href":"https:\/\/olimpiadaambiental.se.gov.br\/index.php?rest_route=\/wp\/v2\/pages"}],"about":[{"href":"https:\/\/olimpiadaambiental.se.gov.br\/index.php?rest_route=\/wp\/v2\/types\/page"}],"author":[{"embeddable":true,"href":"https:\/\/olimpiadaambiental.se.gov.br\/index.php?rest_route=\/wp\/v2\/users\/1"}],"replies":[{"embeddable":true,"href":"https:\/\/olimpiadaambiental.se.gov.br\/index.php?rest_route=%2Fwp%2Fv2%2Fcomments&post=22"}],"version-history":[{"count":12,"href":"https:\/\/olimpiadaambiental.se.gov.br\/index.php?rest_route=\/wp\/v2\/pages\/22\/revisions"}],"predecessor-version":[{"id":1341,"href":"https:\/\/olimpiadaambiental.se.gov.br\/index.php?rest_route=\/wp\/v2\/pages\/22\/revisions\/1341"}],"wp:attachment":[{"href":"https:\/\/olimpiadaambiental.se.gov.br\/index.php?rest_route=%2Fwp%2Fv2%2Fmedia&parent=22"}],"curies":[{"name":"wp","href":"https:\/\/api.w.org\/{rel}","templated":true}]}}