{"id":28,"date":"2017-01-10T16:14:06","date_gmt":"2017-01-10T18:14:06","guid":{"rendered":"http:\/\/172.28.64.123\/sites\/olimpiada\/?page_id=28"},"modified":"2019-08-06T23:57:21","modified_gmt":"2019-08-07T02:57:21","slug":"categoria","status":"publish","type":"page","link":"https:\/\/olimpiadaambiental.se.gov.br\/?page_id=28","title":{"rendered":"Categoria"},"content":{"rendered":"<style type=\"text\/css\"><\/style>\n<section class=\"kc-elm kc-css-47932 kc_row\">\n<div class=\"kc-row-container  kc-container\">\n<div class=\"kc-wrap-columns\">\n<div class=\"kc-elm kc-css-3665882 kc_col-sm-12 kc_column kc_col-sm-12\">\n<div class=\"kc-col-container\">\n<div class=\"kc-elm kc-css-85148 kc_text_block\">\n<p>Conforme previsto nos Art.1. e Art.2. do <strong>Cap\u00edtulo IV do <a href=\"https:\/\/www.olimpiadaambiental.se.gov.br\/?page_id=1285\">Regulamento<\/a><\/strong><\/p>\n<p><strong>&#8221; Art. 1<\/strong>\u00a0\u2013 Os trabalhos dos alunos inscritos devem, obrigatoriamente, ser coordenados e orientados por um professor que ser\u00e1 respons\u00e1vel pelo trabalho feito pelo aluno. Todos os trabalhos produzidos pelos alunos e professores dever\u00e3o estar de acordo com o Tema da XII Olimp\u00edada Ambiental \u2013\u00a0<strong>\u201cRes\u00edduos S\u00f3lidos: o primeiro passo para a Sustentabilidade\u201d,<\/strong>\u00a0conforme cada n\u00edvel de ensino do aluno e modalidade\/submodalidade escolhida por eles.\u00a0<\/p>\n<p><strong>Art. 2<\/strong>\u00a0\u2013 A XII Olimp\u00edada Ambiental de Sergipe est\u00e1 dividida em 03 (tr\u00eas) modalidades, Artes, Produ\u00e7\u00e3o de Texto e Educomunica\u00e7\u00e3o, onde estabelece que:<\/p>\n<p><strong>I<\/strong>\u00a0\u2013\u00a0<strong>Alunos do ensino Infantil, Ensino Fundamental Menor,<\/strong>\u00a0<strong>Ensino Fundamental Maior, Ensino M\u00e9dio (Cient\u00edfico e T\u00e9cnico)<\/strong>\u00a0\u2013 Nestes n\u00edveis de ensino, ser\u00e3o considerados concorrentes aptos todos os alunos que estiverem regularmente matriculados no ano de 2019.<\/p>\n<p><strong>II<\/strong>\u00a0\u2013\u00a0<strong>Professores<\/strong> \u2013 Ser\u00e3o considerados concorrentes aptos, todos os profissionais que estiverem em exerc\u00edcio da fun\u00e7\u00e3o no ano de 2019.&#8221;<\/p>\n<\/div>\n<\/div>\n<\/div>\n<\/div>\n<\/div>\n<\/section>\n","protected":false},"excerpt":{"rendered":"<p>Conforme previsto nos Art.1. e Art.2. do Cap\u00edtulo IV do Regulamento &#8221; Art. 1\u00a0\u2013 Os trabalhos dos alunos inscritos devem, obrigatoriamente, ser coordenados e orientados por um professor que ser\u00e1 respons\u00e1vel pelo trabalho feito pelo aluno. Todos os trabalhos produzidos &hellip; <a href=\"https:\/\/olimpiadaambiental.se.gov.br\/?page_id=28\">Conte\u00fado<\/a><\/p>\n","protected":false},"author":1,"featured_media":0,"parent":0,"menu_order":0,"comment_status":"closed","ping_status":"closed","template":"page-fullwidth.php","meta":{"kt_blocks_editor_width":"","footnotes":""},"class_list":["post-28","page","type-page","status-publish","hentry"],"yoast_head":"<!-- This site is optimized with the Yoast SEO plugin v27.4 - https:\/\/yoast.com\/product\/yoast-seo-wordpress\/ -->\n<title>Categoria - Olimp\u00edada Ambiental de Sergipe<\/title>\n<meta name=\"robots\" content=\"index, follow, max-snippet:-1, max-image-preview:large, max-video-preview:-1\" \/>\n<link rel=\"canonical\" href=\"https:\/\/olimpiadaambiental.se.gov.br\/?page_id=28\" \/>\n<meta property=\"og:locale\" content=\"pt_BR\" \/>\n<meta property=\"og:type\" content=\"article\" \/>\n<meta property=\"og:title\" content=\"Categoria - Olimp\u00edada Ambiental de Sergipe\" \/>\n<meta property=\"og:description\" content=\"Conforme previsto nos Art.1. e Art.2. do Cap\u00edtulo IV do Regulamento &#8221; Art. 1\u00a0\u2013 Os trabalhos dos alunos inscritos devem, obrigatoriamente, ser coordenados e orientados por um professor que ser\u00e1 respons\u00e1vel pelo trabalho feito pelo aluno. Todos os trabalhos produzidos &hellip; Conte\u00fado\" \/>\n<meta property=\"og:url\" content=\"https:\/\/olimpiadaambiental.se.gov.br\/?page_id=28\" \/>\n<meta property=\"og:site_name\" content=\"Olimp\u00edada Ambiental de Sergipe\" \/>\n<meta property=\"article:modified_time\" content=\"2019-08-07T02:57:21+00:00\" \/>\n<meta name=\"twitter:card\" content=\"summary_large_image\" \/>\n<meta name=\"twitter:label1\" content=\"Est. tempo de leitura\" \/>\n\t<meta name=\"twitter:data1\" content=\"1 minuto\" \/>\n<script type=\"application\/ld+json\" class=\"yoast-schema-graph\">{\"@context\":\"https:\\\/\\\/schema.org\",\"@graph\":[{\"@type\":\"WebPage\",\"@id\":\"https:\\\/\\\/olimpiadaambiental.se.gov.br\\\/?page_id=28\",\"url\":\"https:\\\/\\\/olimpiadaambiental.se.gov.br\\\/?page_id=28\",\"name\":\"Categoria - Olimp\u00edada Ambiental de Sergipe\",\"isPartOf\":{\"@id\":\"https:\\\/\\\/olimpiadaambiental.se.gov.br\\\/#website\"},\"datePublished\":\"2017-01-10T18:14:06+00:00\",\"dateModified\":\"2019-08-07T02:57:21+00:00\",\"breadcrumb\":{\"@id\":\"https:\\\/\\\/olimpiadaambiental.se.gov.br\\\/?page_id=28#breadcrumb\"},\"inLanguage\":\"pt-BR\",\"potentialAction\":[{\"@type\":\"ReadAction\",\"target\":[\"https:\\\/\\\/olimpiadaambiental.se.gov.br\\\/?page_id=28\"]}]},{\"@type\":\"BreadcrumbList\",\"@id\":\"https:\\\/\\\/olimpiadaambiental.se.gov.br\\\/?page_id=28#breadcrumb\",\"itemListElement\":[{\"@type\":\"ListItem\",\"position\":1,\"name\":\"Home\",\"item\":\"https:\\\/\\\/olimpiadaambiental.se.gov.br\\\/\"},{\"@type\":\"ListItem\",\"position\":2,\"name\":\"Categoria\"}]},{\"@type\":\"WebSite\",\"@id\":\"https:\\\/\\\/olimpiadaambiental.se.gov.br\\\/#website\",\"url\":\"https:\\\/\\\/olimpiadaambiental.se.gov.br\\\/\",\"name\":\"Olimp\u00edada Ambiental de Sergipe\",\"description\":\"\",\"potentialAction\":[{\"@type\":\"SearchAction\",\"target\":{\"@type\":\"EntryPoint\",\"urlTemplate\":\"https:\\\/\\\/olimpiadaambiental.se.gov.br\\\/?s={search_term_string}\"},\"query-input\":{\"@type\":\"PropertyValueSpecification\",\"valueRequired\":true,\"valueName\":\"search_term_string\"}}],\"inLanguage\":\"pt-BR\"}]}<\/script>\n<!-- \/ Yoast SEO plugin. -->","yoast_head_json":{"title":"Categoria - Olimp\u00edada Ambiental de Sergipe","robots":{"index":"index","follow":"follow","max-snippet":"max-snippet:-1","max-image-preview":"max-image-preview:large","max-video-preview":"max-video-preview:-1"},"canonical":"https:\/\/olimpiadaambiental.se.gov.br\/?page_id=28","og_locale":"pt_BR","og_type":"article","og_title":"Categoria - Olimp\u00edada Ambiental de Sergipe","og_description":"Conforme previsto nos Art.1. e Art.2. do Cap\u00edtulo IV do Regulamento &#8221; Art. 1\u00a0\u2013 Os trabalhos dos alunos inscritos devem, obrigatoriamente, ser coordenados e orientados por um professor que ser\u00e1 respons\u00e1vel pelo trabalho feito pelo aluno. Todos os trabalhos produzidos &hellip; Conte\u00fado","og_url":"https:\/\/olimpiadaambiental.se.gov.br\/?page_id=28","og_site_name":"Olimp\u00edada Ambiental de Sergipe","article_modified_time":"2019-08-07T02:57:21+00:00","twitter_card":"summary_large_image","twitter_misc":{"Est. tempo de leitura":"1 minuto"},"schema":{"@context":"https:\/\/schema.org","@graph":[{"@type":"WebPage","@id":"https:\/\/olimpiadaambiental.se.gov.br\/?page_id=28","url":"https:\/\/olimpiadaambiental.se.gov.br\/?page_id=28","name":"Categoria - Olimp\u00edada Ambiental de Sergipe","isPartOf":{"@id":"https:\/\/olimpiadaambiental.se.gov.br\/#website"},"datePublished":"2017-01-10T18:14:06+00:00","dateModified":"2019-08-07T02:57:21+00:00","breadcrumb":{"@id":"https:\/\/olimpiadaambiental.se.gov.br\/?page_id=28#breadcrumb"},"inLanguage":"pt-BR","potentialAction":[{"@type":"ReadAction","target":["https:\/\/olimpiadaambiental.se.gov.br\/?page_id=28"]}]},{"@type":"BreadcrumbList","@id":"https:\/\/olimpiadaambiental.se.gov.br\/?page_id=28#breadcrumb","itemListElement":[{"@type":"ListItem","position":1,"name":"Home","item":"https:\/\/olimpiadaambiental.se.gov.br\/"},{"@type":"ListItem","position":2,"name":"Categoria"}]},{"@type":"WebSite","@id":"https:\/\/olimpiadaambiental.se.gov.br\/#website","url":"https:\/\/olimpiadaambiental.se.gov.br\/","name":"Olimp\u00edada Ambiental de Sergipe","description":"","potentialAction":[{"@type":"SearchAction","target":{"@type":"EntryPoint","urlTemplate":"https:\/\/olimpiadaambiental.se.gov.br\/?s={search_term_string}"},"query-input":{"@type":"PropertyValueSpecification","valueRequired":true,"valueName":"search_term_string"}}],"inLanguage":"pt-BR"}]}},"_links":{"self":[{"href":"https:\/\/olimpiadaambiental.se.gov.br\/index.php?rest_route=\/wp\/v2\/pages\/28","targetHints":{"allow":["GET"]}}],"collection":[{"href":"https:\/\/olimpiadaambiental.se.gov.br\/index.php?rest_route=\/wp\/v2\/pages"}],"about":[{"href":"https:\/\/olimpiadaambiental.se.gov.br\/index.php?rest_route=\/wp\/v2\/types\/page"}],"author":[{"embeddable":true,"href":"https:\/\/olimpiadaambiental.se.gov.br\/index.php?rest_route=\/wp\/v2\/users\/1"}],"replies":[{"embeddable":true,"href":"https:\/\/olimpiadaambiental.se.gov.br\/index.php?rest_route=%2Fwp%2Fv2%2Fcomments&post=28"}],"version-history":[{"count":9,"href":"https:\/\/olimpiadaambiental.se.gov.br\/index.php?rest_route=\/wp\/v2\/pages\/28\/revisions"}],"predecessor-version":[{"id":1353,"href":"https:\/\/olimpiadaambiental.se.gov.br\/index.php?rest_route=\/wp\/v2\/pages\/28\/revisions\/1353"}],"wp:attachment":[{"href":"https:\/\/olimpiadaambiental.se.gov.br\/index.php?rest_route=%2Fwp%2Fv2%2Fmedia&parent=28"}],"curies":[{"name":"wp","href":"https:\/\/api.w.org\/{rel}","templated":true}]}}