{"id":30,"date":"2017-01-10T16:14:34","date_gmt":"2017-01-10T18:14:34","guid":{"rendered":"http:\/\/172.28.64.123\/sites\/olimpiada\/?page_id=30"},"modified":"2019-08-06T23:58:46","modified_gmt":"2019-08-07T02:58:46","slug":"etapas-classificatorias","status":"publish","type":"page","link":"https:\/\/olimpiadaambiental.se.gov.br\/?page_id=30","title":{"rendered":"Etapas Classificat\u00f3rias"},"content":{"rendered":"<style type=\"text\/css\"><\/style>\n<section class=\"kc-elm kc-css-2272019 kc_row\">\n<div class=\"kc-row-container  kc-container\">\n<div class=\"kc-wrap-columns\">\n<div class=\"kc-elm kc-css-1125125 kc_col-sm-12 kc_column kc_col-sm-12\">\n<div class=\"kc-col-container\">\n<div class=\"kc-elm kc-css-3099750 kc_text_block\">\n<p><strong>Conforme previsto no CAP\u00cdTULO VI do <a href=\"https:\/\/www.olimpiadaambiental.se.gov.br\/?page_id=1285\">Regulamento<\/a>:<\/strong><\/p>\n<p><strong>\u00a0<\/strong><\/p>\n<p><strong>&#8221; Art. 1<\/strong> \u2013 A XII Olimp\u00edada Ambiental de Sergipe est\u00e1 dividida nas seguintes fases:<\/p>\n<p><strong>I<\/strong>\u00a0\u2013\u00a0<strong>Sele\u00e7\u00e3o Local (Dentro da Escola)<\/strong>\u00a0\u2013 A data de realiza\u00e7\u00e3o dessa sele\u00e7\u00e3o ser\u00e1 definida pela pr\u00f3pria institui\u00e7\u00e3o de ensino. Nessa etapa a institui\u00e7\u00e3o atrav\u00e9s de sua equipe gestora e corpo docente (professores, coordenadores pedag\u00f3gicos e dire\u00e7\u00e3o) ir\u00e3o escolher nas modalidades e submodalidades os melhores trabalhos desenvolvidos para representar a institui\u00e7\u00e3o, alunos e professores na XII Olimp\u00edada Ambiental. Posteriormente, os mesmos ser\u00e3o entregues na Superintend\u00eancia Especial de Recursos H\u00eddricos e Meio Ambiente \u2013SERHMA.<\/p>\n<ol>\n<li>a) \u2013\u00a0<strong>Entrega dos Trabalhos<\/strong>\u00a0\u2013 Entre os dias\u00a0<strong>23\u00a0de setembro a 04 de outubro de 2019 das 08 h \u00e0s 12 h.<\/strong>Os trabalhos dever\u00e3o ser entregues na SERHMA, conforme o par\u00e1grafo anterior.<\/li>\n<\/ol>\n<p><strong>II \u2013 Julgamento para a sele\u00e7\u00e3o dos classificados e dos vencedores\u00a0<\/strong>\u2013 Ser\u00e1 de\u00a0<strong>14\u00a0a 31 outubro de 2019.<\/strong>\u00a0Nesta etapa o julgamento ficar\u00e1 sob a responsabilidade dos integrantes da equipe julgadora escolhida pela Comiss\u00e3o Organizadora da XII Olimp\u00edada Ambiental da SERHMA\/SEDURBS.<\/p>\n<p>a) A equipe julgadora far\u00e1 \u00e0 sele\u00e7\u00e3o dos 10 (dez) melhores trabalhos dos <strong>alunos<\/strong>, de acordo com cada n\u00edvel de ensino e modalidade, ser\u00e3o escolhidos dentre os 10 classificados os 03 (tr\u00eas) melhores que ser\u00e3o os vencedores em 1\u00ba, 2\u00ba e 3\u00ba lugares, como tamb\u00e9m os 07 (sete) restantes que receber\u00e3o a premia\u00e7\u00e3o conforme especifica\u00e7\u00e3o no cap\u00edtulo posterior.<\/p>\n<p>b) Fazemos a observa\u00e7\u00e3o sobre a classifica\u00e7\u00e3o dos 10 melhores de acordo com cada n\u00edvel de ensino e modalidade, citada no par\u00e1grafo anterior. Os quais poder\u00e3o ser remanejados para receber a premia\u00e7\u00e3o junto a outra categoria de acordo com n\u00edvel de ensino e a nota de avalia\u00e7\u00e3o do seu trabalho que determinar\u00e1 a sua classifica\u00e7\u00e3o, se avaliada a necessidade pela Comiss\u00e3o Organizadora da XII Olimp\u00edada Ambiental da SERHMA\/SEDURBS.<\/p>\n<p>c) A equipe julgadora far\u00e1 a sele\u00e7\u00e3o das (03) tr\u00eas melhores v\u00eddeo-aula dos\u00a0<strong>professores<\/strong>classificados no julgamento, com premia\u00e7\u00e3o de 1\u00ba, 2\u00ba e 3\u00b0 lugar, conforme especificado no cap\u00edtulo\u00a0<strong>VII<\/strong>.&#8221;<\/p>\n<\/div>\n<\/div>\n<\/div>\n<\/div>\n<\/div>\n<\/section>\n","protected":false},"excerpt":{"rendered":"<p>Conforme previsto no CAP\u00cdTULO VI do Regulamento: \u00a0 &#8221; Art. 1 \u2013 A XII Olimp\u00edada Ambiental de Sergipe est\u00e1 dividida nas seguintes fases: I\u00a0\u2013\u00a0Sele\u00e7\u00e3o Local (Dentro da Escola)\u00a0\u2013 A data de realiza\u00e7\u00e3o dessa sele\u00e7\u00e3o ser\u00e1 definida pela pr\u00f3pria institui\u00e7\u00e3o de &hellip; <a href=\"https:\/\/olimpiadaambiental.se.gov.br\/?page_id=30\">Conte\u00fado<\/a><\/p>\n","protected":false},"author":1,"featured_media":0,"parent":0,"menu_order":0,"comment_status":"closed","ping_status":"closed","template":"page-fullwidth.php","meta":{"kt_blocks_editor_width":"","footnotes":""},"class_list":["post-30","page","type-page","status-publish","hentry"],"yoast_head":"<!-- This site is optimized with the Yoast SEO plugin v27.4 - https:\/\/yoast.com\/product\/yoast-seo-wordpress\/ -->\n<title>Etapas Classificat\u00f3rias - Olimp\u00edada Ambiental de Sergipe<\/title>\n<meta name=\"robots\" content=\"index, follow, max-snippet:-1, max-image-preview:large, max-video-preview:-1\" \/>\n<link rel=\"canonical\" href=\"https:\/\/olimpiadaambiental.se.gov.br\/?page_id=30\" \/>\n<meta property=\"og:locale\" content=\"pt_BR\" \/>\n<meta property=\"og:type\" content=\"article\" \/>\n<meta property=\"og:title\" content=\"Etapas Classificat\u00f3rias - Olimp\u00edada Ambiental de Sergipe\" \/>\n<meta property=\"og:description\" content=\"Conforme previsto no CAP\u00cdTULO VI do Regulamento: \u00a0 &#8221; Art. 1 \u2013 A XII Olimp\u00edada Ambiental de Sergipe est\u00e1 dividida nas seguintes fases: I\u00a0\u2013\u00a0Sele\u00e7\u00e3o Local (Dentro da Escola)\u00a0\u2013 A data de realiza\u00e7\u00e3o dessa sele\u00e7\u00e3o ser\u00e1 definida pela pr\u00f3pria institui\u00e7\u00e3o de &hellip; Conte\u00fado\" \/>\n<meta property=\"og:url\" content=\"https:\/\/olimpiadaambiental.se.gov.br\/?page_id=30\" \/>\n<meta property=\"og:site_name\" content=\"Olimp\u00edada Ambiental de Sergipe\" \/>\n<meta property=\"article:modified_time\" content=\"2019-08-07T02:58:46+00:00\" \/>\n<meta name=\"twitter:card\" content=\"summary_large_image\" \/>\n<meta name=\"twitter:label1\" content=\"Est. tempo de leitura\" \/>\n\t<meta name=\"twitter:data1\" content=\"2 minutos\" \/>\n<script type=\"application\/ld+json\" class=\"yoast-schema-graph\">{\"@context\":\"https:\\\/\\\/schema.org\",\"@graph\":[{\"@type\":\"WebPage\",\"@id\":\"https:\\\/\\\/olimpiadaambiental.se.gov.br\\\/?page_id=30\",\"url\":\"https:\\\/\\\/olimpiadaambiental.se.gov.br\\\/?page_id=30\",\"name\":\"Etapas Classificat\u00f3rias - Olimp\u00edada Ambiental de Sergipe\",\"isPartOf\":{\"@id\":\"https:\\\/\\\/olimpiadaambiental.se.gov.br\\\/#website\"},\"datePublished\":\"2017-01-10T18:14:34+00:00\",\"dateModified\":\"2019-08-07T02:58:46+00:00\",\"breadcrumb\":{\"@id\":\"https:\\\/\\\/olimpiadaambiental.se.gov.br\\\/?page_id=30#breadcrumb\"},\"inLanguage\":\"pt-BR\",\"potentialAction\":[{\"@type\":\"ReadAction\",\"target\":[\"https:\\\/\\\/olimpiadaambiental.se.gov.br\\\/?page_id=30\"]}]},{\"@type\":\"BreadcrumbList\",\"@id\":\"https:\\\/\\\/olimpiadaambiental.se.gov.br\\\/?page_id=30#breadcrumb\",\"itemListElement\":[{\"@type\":\"ListItem\",\"position\":1,\"name\":\"Home\",\"item\":\"https:\\\/\\\/olimpiadaambiental.se.gov.br\\\/\"},{\"@type\":\"ListItem\",\"position\":2,\"name\":\"Etapas Classificat\u00f3rias\"}]},{\"@type\":\"WebSite\",\"@id\":\"https:\\\/\\\/olimpiadaambiental.se.gov.br\\\/#website\",\"url\":\"https:\\\/\\\/olimpiadaambiental.se.gov.br\\\/\",\"name\":\"Olimp\u00edada Ambiental de Sergipe\",\"description\":\"\",\"potentialAction\":[{\"@type\":\"SearchAction\",\"target\":{\"@type\":\"EntryPoint\",\"urlTemplate\":\"https:\\\/\\\/olimpiadaambiental.se.gov.br\\\/?s={search_term_string}\"},\"query-input\":{\"@type\":\"PropertyValueSpecification\",\"valueRequired\":true,\"valueName\":\"search_term_string\"}}],\"inLanguage\":\"pt-BR\"}]}<\/script>\n<!-- \/ Yoast SEO plugin. -->","yoast_head_json":{"title":"Etapas Classificat\u00f3rias - Olimp\u00edada Ambiental de Sergipe","robots":{"index":"index","follow":"follow","max-snippet":"max-snippet:-1","max-image-preview":"max-image-preview:large","max-video-preview":"max-video-preview:-1"},"canonical":"https:\/\/olimpiadaambiental.se.gov.br\/?page_id=30","og_locale":"pt_BR","og_type":"article","og_title":"Etapas Classificat\u00f3rias - Olimp\u00edada Ambiental de Sergipe","og_description":"Conforme previsto no CAP\u00cdTULO VI do Regulamento: \u00a0 &#8221; Art. 1 \u2013 A XII Olimp\u00edada Ambiental de Sergipe est\u00e1 dividida nas seguintes fases: I\u00a0\u2013\u00a0Sele\u00e7\u00e3o Local (Dentro da Escola)\u00a0\u2013 A data de realiza\u00e7\u00e3o dessa sele\u00e7\u00e3o ser\u00e1 definida pela pr\u00f3pria institui\u00e7\u00e3o de &hellip; Conte\u00fado","og_url":"https:\/\/olimpiadaambiental.se.gov.br\/?page_id=30","og_site_name":"Olimp\u00edada Ambiental de Sergipe","article_modified_time":"2019-08-07T02:58:46+00:00","twitter_card":"summary_large_image","twitter_misc":{"Est. tempo de leitura":"2 minutos"},"schema":{"@context":"https:\/\/schema.org","@graph":[{"@type":"WebPage","@id":"https:\/\/olimpiadaambiental.se.gov.br\/?page_id=30","url":"https:\/\/olimpiadaambiental.se.gov.br\/?page_id=30","name":"Etapas Classificat\u00f3rias - Olimp\u00edada Ambiental de Sergipe","isPartOf":{"@id":"https:\/\/olimpiadaambiental.se.gov.br\/#website"},"datePublished":"2017-01-10T18:14:34+00:00","dateModified":"2019-08-07T02:58:46+00:00","breadcrumb":{"@id":"https:\/\/olimpiadaambiental.se.gov.br\/?page_id=30#breadcrumb"},"inLanguage":"pt-BR","potentialAction":[{"@type":"ReadAction","target":["https:\/\/olimpiadaambiental.se.gov.br\/?page_id=30"]}]},{"@type":"BreadcrumbList","@id":"https:\/\/olimpiadaambiental.se.gov.br\/?page_id=30#breadcrumb","itemListElement":[{"@type":"ListItem","position":1,"name":"Home","item":"https:\/\/olimpiadaambiental.se.gov.br\/"},{"@type":"ListItem","position":2,"name":"Etapas Classificat\u00f3rias"}]},{"@type":"WebSite","@id":"https:\/\/olimpiadaambiental.se.gov.br\/#website","url":"https:\/\/olimpiadaambiental.se.gov.br\/","name":"Olimp\u00edada Ambiental de Sergipe","description":"","potentialAction":[{"@type":"SearchAction","target":{"@type":"EntryPoint","urlTemplate":"https:\/\/olimpiadaambiental.se.gov.br\/?s={search_term_string}"},"query-input":{"@type":"PropertyValueSpecification","valueRequired":true,"valueName":"search_term_string"}}],"inLanguage":"pt-BR"}]}},"_links":{"self":[{"href":"https:\/\/olimpiadaambiental.se.gov.br\/index.php?rest_route=\/wp\/v2\/pages\/30","targetHints":{"allow":["GET"]}}],"collection":[{"href":"https:\/\/olimpiadaambiental.se.gov.br\/index.php?rest_route=\/wp\/v2\/pages"}],"about":[{"href":"https:\/\/olimpiadaambiental.se.gov.br\/index.php?rest_route=\/wp\/v2\/types\/page"}],"author":[{"embeddable":true,"href":"https:\/\/olimpiadaambiental.se.gov.br\/index.php?rest_route=\/wp\/v2\/users\/1"}],"replies":[{"embeddable":true,"href":"https:\/\/olimpiadaambiental.se.gov.br\/index.php?rest_route=%2Fwp%2Fv2%2Fcomments&post=30"}],"version-history":[{"count":12,"href":"https:\/\/olimpiadaambiental.se.gov.br\/index.php?rest_route=\/wp\/v2\/pages\/30\/revisions"}],"predecessor-version":[{"id":1355,"href":"https:\/\/olimpiadaambiental.se.gov.br\/index.php?rest_route=\/wp\/v2\/pages\/30\/revisions\/1355"}],"wp:attachment":[{"href":"https:\/\/olimpiadaambiental.se.gov.br\/index.php?rest_route=%2Fwp%2Fv2%2Fmedia&parent=30"}],"curies":[{"name":"wp","href":"https:\/\/api.w.org\/{rel}","templated":true}]}}