{"id":32,"date":"2017-01-10T16:15:05","date_gmt":"2017-01-10T18:15:05","guid":{"rendered":"http:\/\/172.28.64.123\/sites\/olimpiada\/?page_id=32"},"modified":"2019-07-22T10:26:45","modified_gmt":"2019-07-22T13:26:45","slug":"comissao-julgadora","status":"publish","type":"page","link":"https:\/\/olimpiadaambiental.se.gov.br\/?page_id=32","title":{"rendered":"Comiss\u00e3o julgadora"},"content":{"rendered":"<style type=\"text\/css\"><\/style>\n<section class=\"kc-elm kc-css-1889744 kc_row\">\n<div class=\"kc-row-container  kc-container\">\n<div class=\"kc-wrap-columns\">\n<div class=\"kc-elm kc-css-4128177 kc_col-sm-12 kc_column kc_col-sm-12\">\n<div class=\"kc-col-container\">\n<div class=\"kc-elm kc-css-1311252 kc_text_block\">\n<p align=\"justify\"><strong>DAS COMISS\u00d5ES JULGADORAS (INSTITUI\u00c7\u00c3O DE ENSINO E A INSTITU\u00cdDA PELA COMISS\u00c3O ORGANIZADORA DA XII OLIMP\u00cdADA AMBIENTAL<\/strong><\/p>\n<p><strong>\u00a0<br \/>Art. 1<\/strong> \u2013 Para efeito de julgamento dos trabalhos apresentados em todas as modalidades e n\u00edveis de ensino, a Comiss\u00e3o Julgadora da institui\u00e7\u00e3o de ensino analisar\u00e1 a capacidade de express\u00e3o e clareza das ideias e dos argumentos, valorizando os trabalhos redigidos na forma padr\u00e3o da l\u00edngua portuguesa, a capacidade do(s) autor(es) em compreender e expressar um conjunto de quest\u00f5es ou problemas referentes ao tema, priorizando os trabalhos que melhor expressem o tema proposto.<\/p>\n<p><strong>Art. 2<\/strong> \u2013 As Comiss\u00f5es Julgadoras formadas em cada institui\u00e7\u00e3o de ensino de acordo com o tema da XII Olimp\u00edada Ambiental ir\u00e3o escolher os melhores trabalhos em cada n\u00edvel de ensino de cada modalidade dentro das submodalidades para representar a institui\u00e7\u00e3o na Olimp\u00edada.<\/p>\n<p>Na modalidade I Arte: Pintura, Cartaz e Maquete.<\/p>\n<p>Na modalidade II Produ\u00e7\u00e3o de Texto: Reda\u00e7\u00e3o, Literatura de Cordele Quadrinhos.<\/p>\n<p>Na modalidade III Educomunica\u00e7\u00e3o: M\u00fasica e V\u00eddeo-aula.<\/p>\n<p><strong>Art. 3<\/strong> \u2013 Fica assegurado \u00e0s Comiss\u00f5es Julgadoras de cada institui\u00e7\u00e3o de ensino o direito de estabelecer um conjunto de procedimentos que garantam o bom desenvolvimento de seus trabalhos, resguardando o regulamento da XII Olimp\u00edada Ambiental.<\/p>\n<p><strong>Art. 4<\/strong> \u2013 Os trabalhos classificados na fase inicial (Institui\u00e7\u00f5es de Ensino) ser\u00e3o submetidos a nova avalia\u00e7\u00e3o pela Comiss\u00e3o Julgadora indicada pela Comiss\u00e3o Organizadora da XII Olimp\u00edada Ambiental, formada por representantes das diversas \u00e1reas do conhecimento.<\/p>\n<p><strong>Art. 5<\/strong> \u2013 Os trabalhos apresentados em todos os n\u00edveis de ensino e modalidades para a Comiss\u00e3o Julgadora da XII Olimp\u00edada Ambiental ser\u00e3o analisados com base na capacidade de express\u00e3o e clareza das ideias e dos argumentos, buscando valorizar os trabalhos redigidos que devem respeitar a forma padr\u00e3o da l\u00edngua portuguesa, a capacidade do(s) autor(es) em compreender e expressar um conjunto de quest\u00f5es ou problem\u00e1ticas referentes ao tema, priorizando os trabalhos que melhor expressem o tema proposto.<\/p>\n<p><strong>Art. 6<\/strong> \u2013 Fica assegurado \u00e0 Comiss\u00e3o Julgadora da XII Olimp\u00edada Ambiental o direito de estabelecer um conjunto de procedimentos que garantam o bom desenvolvimento de seus trabalhos, resguardando o regulamento da XII Olimp\u00edada Ambiental.<\/p>\n<\/div>\n<\/div>\n<\/div>\n<\/div>\n<\/div>\n<\/section>\n","protected":false},"excerpt":{"rendered":"<p>DAS COMISS\u00d5ES JULGADORAS (INSTITUI\u00c7\u00c3O DE ENSINO E A INSTITU\u00cdDA PELA COMISS\u00c3O ORGANIZADORA DA XII OLIMP\u00cdADA AMBIENTAL \u00a0Art. 1 \u2013 Para efeito de julgamento dos trabalhos apresentados em todas as modalidades e n\u00edveis de ensino, a Comiss\u00e3o Julgadora da institui\u00e7\u00e3o de &hellip; <a href=\"https:\/\/olimpiadaambiental.se.gov.br\/?page_id=32\">Conte\u00fado<\/a><\/p>\n","protected":false},"author":1,"featured_media":0,"parent":0,"menu_order":0,"comment_status":"closed","ping_status":"closed","template":"page-fullwidth.php","meta":{"kt_blocks_editor_width":"","footnotes":""},"class_list":["post-32","page","type-page","status-publish","hentry"],"yoast_head":"<!-- This site is optimized with the Yoast SEO plugin v27.4 - https:\/\/yoast.com\/product\/yoast-seo-wordpress\/ -->\n<title>Comiss\u00e3o julgadora - Olimp\u00edada Ambiental de Sergipe<\/title>\n<meta name=\"robots\" content=\"index, follow, max-snippet:-1, max-image-preview:large, max-video-preview:-1\" \/>\n<link rel=\"canonical\" href=\"https:\/\/olimpiadaambiental.se.gov.br\/?page_id=32\" \/>\n<meta property=\"og:locale\" content=\"pt_BR\" \/>\n<meta property=\"og:type\" content=\"article\" \/>\n<meta property=\"og:title\" content=\"Comiss\u00e3o julgadora - Olimp\u00edada Ambiental de Sergipe\" \/>\n<meta property=\"og:description\" content=\"DAS COMISS\u00d5ES JULGADORAS (INSTITUI\u00c7\u00c3O DE ENSINO E A INSTITU\u00cdDA PELA COMISS\u00c3O ORGANIZADORA DA XII OLIMP\u00cdADA AMBIENTAL \u00a0Art. 1 \u2013 Para efeito de julgamento dos trabalhos apresentados em todas as modalidades e n\u00edveis de ensino, a Comiss\u00e3o Julgadora da institui\u00e7\u00e3o de &hellip; Conte\u00fado\" \/>\n<meta property=\"og:url\" content=\"https:\/\/olimpiadaambiental.se.gov.br\/?page_id=32\" \/>\n<meta property=\"og:site_name\" content=\"Olimp\u00edada Ambiental de Sergipe\" \/>\n<meta property=\"article:modified_time\" content=\"2019-07-22T13:26:45+00:00\" \/>\n<meta name=\"twitter:card\" content=\"summary_large_image\" \/>\n<meta name=\"twitter:label1\" content=\"Est. tempo de leitura\" \/>\n\t<meta name=\"twitter:data1\" content=\"2 minutos\" \/>\n<script type=\"application\/ld+json\" class=\"yoast-schema-graph\">{\"@context\":\"https:\\\/\\\/schema.org\",\"@graph\":[{\"@type\":\"WebPage\",\"@id\":\"https:\\\/\\\/olimpiadaambiental.se.gov.br\\\/?page_id=32\",\"url\":\"https:\\\/\\\/olimpiadaambiental.se.gov.br\\\/?page_id=32\",\"name\":\"Comiss\u00e3o julgadora - Olimp\u00edada Ambiental de Sergipe\",\"isPartOf\":{\"@id\":\"https:\\\/\\\/olimpiadaambiental.se.gov.br\\\/#website\"},\"datePublished\":\"2017-01-10T18:15:05+00:00\",\"dateModified\":\"2019-07-22T13:26:45+00:00\",\"breadcrumb\":{\"@id\":\"https:\\\/\\\/olimpiadaambiental.se.gov.br\\\/?page_id=32#breadcrumb\"},\"inLanguage\":\"pt-BR\",\"potentialAction\":[{\"@type\":\"ReadAction\",\"target\":[\"https:\\\/\\\/olimpiadaambiental.se.gov.br\\\/?page_id=32\"]}]},{\"@type\":\"BreadcrumbList\",\"@id\":\"https:\\\/\\\/olimpiadaambiental.se.gov.br\\\/?page_id=32#breadcrumb\",\"itemListElement\":[{\"@type\":\"ListItem\",\"position\":1,\"name\":\"Home\",\"item\":\"https:\\\/\\\/olimpiadaambiental.se.gov.br\\\/\"},{\"@type\":\"ListItem\",\"position\":2,\"name\":\"Comiss\u00e3o julgadora\"}]},{\"@type\":\"WebSite\",\"@id\":\"https:\\\/\\\/olimpiadaambiental.se.gov.br\\\/#website\",\"url\":\"https:\\\/\\\/olimpiadaambiental.se.gov.br\\\/\",\"name\":\"Olimp\u00edada Ambiental de Sergipe\",\"description\":\"\",\"potentialAction\":[{\"@type\":\"SearchAction\",\"target\":{\"@type\":\"EntryPoint\",\"urlTemplate\":\"https:\\\/\\\/olimpiadaambiental.se.gov.br\\\/?s={search_term_string}\"},\"query-input\":{\"@type\":\"PropertyValueSpecification\",\"valueRequired\":true,\"valueName\":\"search_term_string\"}}],\"inLanguage\":\"pt-BR\"}]}<\/script>\n<!-- \/ Yoast SEO plugin. -->","yoast_head_json":{"title":"Comiss\u00e3o julgadora - Olimp\u00edada Ambiental de Sergipe","robots":{"index":"index","follow":"follow","max-snippet":"max-snippet:-1","max-image-preview":"max-image-preview:large","max-video-preview":"max-video-preview:-1"},"canonical":"https:\/\/olimpiadaambiental.se.gov.br\/?page_id=32","og_locale":"pt_BR","og_type":"article","og_title":"Comiss\u00e3o julgadora - Olimp\u00edada Ambiental de Sergipe","og_description":"DAS COMISS\u00d5ES JULGADORAS (INSTITUI\u00c7\u00c3O DE ENSINO E A INSTITU\u00cdDA PELA COMISS\u00c3O ORGANIZADORA DA XII OLIMP\u00cdADA AMBIENTAL \u00a0Art. 1 \u2013 Para efeito de julgamento dos trabalhos apresentados em todas as modalidades e n\u00edveis de ensino, a Comiss\u00e3o Julgadora da institui\u00e7\u00e3o de &hellip; Conte\u00fado","og_url":"https:\/\/olimpiadaambiental.se.gov.br\/?page_id=32","og_site_name":"Olimp\u00edada Ambiental de Sergipe","article_modified_time":"2019-07-22T13:26:45+00:00","twitter_card":"summary_large_image","twitter_misc":{"Est. tempo de leitura":"2 minutos"},"schema":{"@context":"https:\/\/schema.org","@graph":[{"@type":"WebPage","@id":"https:\/\/olimpiadaambiental.se.gov.br\/?page_id=32","url":"https:\/\/olimpiadaambiental.se.gov.br\/?page_id=32","name":"Comiss\u00e3o julgadora - Olimp\u00edada Ambiental de Sergipe","isPartOf":{"@id":"https:\/\/olimpiadaambiental.se.gov.br\/#website"},"datePublished":"2017-01-10T18:15:05+00:00","dateModified":"2019-07-22T13:26:45+00:00","breadcrumb":{"@id":"https:\/\/olimpiadaambiental.se.gov.br\/?page_id=32#breadcrumb"},"inLanguage":"pt-BR","potentialAction":[{"@type":"ReadAction","target":["https:\/\/olimpiadaambiental.se.gov.br\/?page_id=32"]}]},{"@type":"BreadcrumbList","@id":"https:\/\/olimpiadaambiental.se.gov.br\/?page_id=32#breadcrumb","itemListElement":[{"@type":"ListItem","position":1,"name":"Home","item":"https:\/\/olimpiadaambiental.se.gov.br\/"},{"@type":"ListItem","position":2,"name":"Comiss\u00e3o julgadora"}]},{"@type":"WebSite","@id":"https:\/\/olimpiadaambiental.se.gov.br\/#website","url":"https:\/\/olimpiadaambiental.se.gov.br\/","name":"Olimp\u00edada Ambiental de Sergipe","description":"","potentialAction":[{"@type":"SearchAction","target":{"@type":"EntryPoint","urlTemplate":"https:\/\/olimpiadaambiental.se.gov.br\/?s={search_term_string}"},"query-input":{"@type":"PropertyValueSpecification","valueRequired":true,"valueName":"search_term_string"}}],"inLanguage":"pt-BR"}]}},"_links":{"self":[{"href":"https:\/\/olimpiadaambiental.se.gov.br\/index.php?rest_route=\/wp\/v2\/pages\/32","targetHints":{"allow":["GET"]}}],"collection":[{"href":"https:\/\/olimpiadaambiental.se.gov.br\/index.php?rest_route=\/wp\/v2\/pages"}],"about":[{"href":"https:\/\/olimpiadaambiental.se.gov.br\/index.php?rest_route=\/wp\/v2\/types\/page"}],"author":[{"embeddable":true,"href":"https:\/\/olimpiadaambiental.se.gov.br\/index.php?rest_route=\/wp\/v2\/users\/1"}],"replies":[{"embeddable":true,"href":"https:\/\/olimpiadaambiental.se.gov.br\/index.php?rest_route=%2Fwp%2Fv2%2Fcomments&post=32"}],"version-history":[{"count":12,"href":"https:\/\/olimpiadaambiental.se.gov.br\/index.php?rest_route=\/wp\/v2\/pages\/32\/revisions"}],"predecessor-version":[{"id":629,"href":"https:\/\/olimpiadaambiental.se.gov.br\/index.php?rest_route=\/wp\/v2\/pages\/32\/revisions\/629"}],"wp:attachment":[{"href":"https:\/\/olimpiadaambiental.se.gov.br\/index.php?rest_route=%2Fwp%2Fv2%2Fmedia&parent=32"}],"curies":[{"name":"wp","href":"https:\/\/api.w.org\/{rel}","templated":true}]}}