{"id":34,"date":"2017-01-10T16:15:33","date_gmt":"2017-01-10T18:15:33","guid":{"rendered":"http:\/\/172.28.64.123\/sites\/olimpiada\/?page_id=34"},"modified":"2019-08-07T00:02:31","modified_gmt":"2019-08-07T03:02:31","slug":"premiacao","status":"publish","type":"page","link":"https:\/\/olimpiadaambiental.se.gov.br\/?page_id=34","title":{"rendered":"Premia\u00e7\u00e3o"},"content":{"rendered":"<style type=\"text\/css\"><\/style>\n<section class=\"kc-elm kc-css-2580019 kc_row\">\n<div class=\"kc-row-container  kc-container\">\n<div class=\"kc-wrap-columns\">\n<div class=\"kc-elm kc-css-238382 kc_col-sm-12 kc_column kc_col-sm-12\">\n<div class=\"kc-col-container\">\n<div class=\"kc-elm kc-css-142343 kc_text_block\">\n<p><span style=\"font-size: 12pt;\">Conforme previsto no Cap\u00edtulo IX do <a href=\"https:\/\/www.olimpiadaambiental.se.gov.br\/?page_id=1285\">Regulamento<\/a><\/span><\/p>\n<p><strong>Art. 1<\/strong>\u00a0\u2013 No dia do encerramento da XII Olimp\u00edada Ambiental as premia\u00e7\u00f5es acontecer\u00e3o de acordo com as modalidades\/submodalidades de Arte e Produ\u00e7\u00e3o de texto e Educomunica\u00e7\u00e3o \u2013 m\u00fasica (alunos) em cada submodalidade a premia\u00e7\u00e3o ocorrer\u00e1 em ordem decrescente do 10\u00ba ao 1\u00ba lugar. \u00a0J\u00e1 na modalidade Educomunica\u00e7\u00e3o \u2013 v\u00eddeo aula (professor), a premia\u00e7\u00e3o ocorrer\u00e1 em ordem decrescente do 3\u00ba ao 1\u00ba lugar.<\/p>\n<p><strong>Par\u00e1grafo 1\u00ba<\/strong>\u00a0\u2013 Os alunos classificados em todas as modalidades\/submodalidades do 10\u00ba ao 4\u00ba lugar, receber\u00e3o medalha de participa\u00e7\u00e3o.<\/p>\n<p><strong>Par\u00e1grafo 2\u00ba<\/strong>\u00a0\u2013 Os alunos vencedores em 3\u00ba lugar conforme a classifica\u00e7\u00e3o na modalidade\/n\u00edvel de ensino, receber\u00e3o uma medalha de bronze, al\u00e9m do pr\u00eamio de R$ 500,00 (quinhentos reais) em Caderneta de Poupan\u00e7a. E o representante da institui\u00e7\u00e3o de ensino do aluno premiado receber\u00e1 o trof\u00e9u da XII Olimp\u00edada Ambiental de Sergipe.<\/p>\n<p><strong>Par\u00e1grafo 3\u00ba<\/strong>\u00a0\u2013 Os alunos vencedores em 2\u00ba lugar conforme a classifica\u00e7\u00e3o na modalidade\/n\u00edvel de ensino, receber\u00e3o uma medalha de prata, al\u00e9m do pr\u00eamio de R$ 700,00 (setecentos reais) em Caderneta de Poupan\u00e7a. E o representante da institui\u00e7\u00e3o de ensino do aluno premiado receber\u00e1 o trof\u00e9u da XII Olimp\u00edada Ambiental de Sergipe.<\/p>\n<p><strong>Par\u00e1grafo 4\u00ba<\/strong>\u00a0\u2013 Os alunos vencedores em 1\u00ba lugar conforme a classifica\u00e7\u00e3o na modalidade\/n\u00edvel de ensino, receber\u00e3o uma medalha de ouro, al\u00e9m do pr\u00eamio de R$ 1.000,00 (um mil reais) em Caderneta de Poupan\u00e7a. E o representante da institui\u00e7\u00e3o de ensino do aluno premiado receber\u00e1 o trof\u00e9u da XII Olimp\u00edada Ambiental de Sergipe.<\/p>\n<p><strong>Par\u00e1grafo 5\u00ba<\/strong>\u00a0\u2013 Os professores vencedores em 2\u00ba e 3\u00b0 lugar conforme a classifica\u00e7\u00e3o na submodalidade v\u00eddeo-aula, receber\u00e3o trof\u00e9us (para o 2\u00ba colocado e para o 3\u00ba colocado), al\u00e9m do pr\u00eamio de R$ 700,00 (setecentos reais) e R$ 500,00 (quinhentos reais), respectivamente, em Caderneta de Poupan\u00e7a. O professor vencedor em 1\u00ba lugar da v\u00eddeo \u2013 aula receber\u00e1 trof\u00e9u, al\u00e9m do pr\u00eamio em 1.000,00 R$ e mais um notebook.<\/p>\n<p>Par\u00e1grafo \u00fanico: A XII Olimp\u00edada Ambiental de Sergipe \u00e9 um evento promovido pelo Governo do Estado por meio da SERHMA\/SEDURBS, por\u00e9m este n\u00e3o se responsabilizar\u00e1 por qualquer eventualidade de for\u00e7a maior, como nos casos de cat\u00e1strofes naturais, acidentes ou mortes eventualmente ocorridos no trajeto aos locais dos eventos de abertura e encerramento da Olimp\u00edada Ambiental.<\/p>\n<\/div>\n<\/div>\n<\/div>\n<\/div>\n<\/div>\n<\/section>\n","protected":false},"excerpt":{"rendered":"<p>Conforme previsto no Cap\u00edtulo IX do Regulamento Art. 1\u00a0\u2013 No dia do encerramento da XII Olimp\u00edada Ambiental as premia\u00e7\u00f5es acontecer\u00e3o de acordo com as modalidades\/submodalidades de Arte e Produ\u00e7\u00e3o de texto e Educomunica\u00e7\u00e3o \u2013 m\u00fasica (alunos) em cada submodalidade a &hellip; <a href=\"https:\/\/olimpiadaambiental.se.gov.br\/?page_id=34\">Conte\u00fado<\/a><\/p>\n","protected":false},"author":1,"featured_media":0,"parent":0,"menu_order":0,"comment_status":"closed","ping_status":"closed","template":"page-fullwidth.php","meta":{"kt_blocks_editor_width":"","footnotes":""},"class_list":["post-34","page","type-page","status-publish","hentry"],"yoast_head":"<!-- This site is optimized with the Yoast SEO plugin v27.4 - https:\/\/yoast.com\/product\/yoast-seo-wordpress\/ -->\n<title>Premia\u00e7\u00e3o - Olimp\u00edada Ambiental de Sergipe<\/title>\n<meta name=\"robots\" content=\"index, follow, max-snippet:-1, max-image-preview:large, max-video-preview:-1\" \/>\n<link rel=\"canonical\" href=\"https:\/\/olimpiadaambiental.se.gov.br\/?page_id=34\" \/>\n<meta property=\"og:locale\" content=\"pt_BR\" \/>\n<meta property=\"og:type\" content=\"article\" \/>\n<meta property=\"og:title\" content=\"Premia\u00e7\u00e3o - Olimp\u00edada Ambiental de Sergipe\" \/>\n<meta property=\"og:description\" content=\"Conforme previsto no Cap\u00edtulo IX do Regulamento Art. 1\u00a0\u2013 No dia do encerramento da XII Olimp\u00edada Ambiental as premia\u00e7\u00f5es acontecer\u00e3o de acordo com as modalidades\/submodalidades de Arte e Produ\u00e7\u00e3o de texto e Educomunica\u00e7\u00e3o \u2013 m\u00fasica (alunos) em cada submodalidade a &hellip; Conte\u00fado\" \/>\n<meta property=\"og:url\" content=\"https:\/\/olimpiadaambiental.se.gov.br\/?page_id=34\" \/>\n<meta property=\"og:site_name\" content=\"Olimp\u00edada Ambiental de Sergipe\" \/>\n<meta property=\"article:modified_time\" content=\"2019-08-07T03:02:31+00:00\" \/>\n<meta name=\"twitter:card\" content=\"summary_large_image\" \/>\n<meta name=\"twitter:label1\" content=\"Est. tempo de leitura\" \/>\n\t<meta name=\"twitter:data1\" content=\"2 minutos\" \/>\n<script type=\"application\/ld+json\" class=\"yoast-schema-graph\">{\"@context\":\"https:\\\/\\\/schema.org\",\"@graph\":[{\"@type\":\"WebPage\",\"@id\":\"https:\\\/\\\/olimpiadaambiental.se.gov.br\\\/?page_id=34\",\"url\":\"https:\\\/\\\/olimpiadaambiental.se.gov.br\\\/?page_id=34\",\"name\":\"Premia\u00e7\u00e3o - Olimp\u00edada Ambiental de Sergipe\",\"isPartOf\":{\"@id\":\"https:\\\/\\\/olimpiadaambiental.se.gov.br\\\/#website\"},\"datePublished\":\"2017-01-10T18:15:33+00:00\",\"dateModified\":\"2019-08-07T03:02:31+00:00\",\"breadcrumb\":{\"@id\":\"https:\\\/\\\/olimpiadaambiental.se.gov.br\\\/?page_id=34#breadcrumb\"},\"inLanguage\":\"pt-BR\",\"potentialAction\":[{\"@type\":\"ReadAction\",\"target\":[\"https:\\\/\\\/olimpiadaambiental.se.gov.br\\\/?page_id=34\"]}]},{\"@type\":\"BreadcrumbList\",\"@id\":\"https:\\\/\\\/olimpiadaambiental.se.gov.br\\\/?page_id=34#breadcrumb\",\"itemListElement\":[{\"@type\":\"ListItem\",\"position\":1,\"name\":\"Home\",\"item\":\"https:\\\/\\\/olimpiadaambiental.se.gov.br\\\/\"},{\"@type\":\"ListItem\",\"position\":2,\"name\":\"Premia\u00e7\u00e3o\"}]},{\"@type\":\"WebSite\",\"@id\":\"https:\\\/\\\/olimpiadaambiental.se.gov.br\\\/#website\",\"url\":\"https:\\\/\\\/olimpiadaambiental.se.gov.br\\\/\",\"name\":\"Olimp\u00edada Ambiental de Sergipe\",\"description\":\"\",\"potentialAction\":[{\"@type\":\"SearchAction\",\"target\":{\"@type\":\"EntryPoint\",\"urlTemplate\":\"https:\\\/\\\/olimpiadaambiental.se.gov.br\\\/?s={search_term_string}\"},\"query-input\":{\"@type\":\"PropertyValueSpecification\",\"valueRequired\":true,\"valueName\":\"search_term_string\"}}],\"inLanguage\":\"pt-BR\"}]}<\/script>\n<!-- \/ Yoast SEO plugin. -->","yoast_head_json":{"title":"Premia\u00e7\u00e3o - Olimp\u00edada Ambiental de Sergipe","robots":{"index":"index","follow":"follow","max-snippet":"max-snippet:-1","max-image-preview":"max-image-preview:large","max-video-preview":"max-video-preview:-1"},"canonical":"https:\/\/olimpiadaambiental.se.gov.br\/?page_id=34","og_locale":"pt_BR","og_type":"article","og_title":"Premia\u00e7\u00e3o - Olimp\u00edada Ambiental de Sergipe","og_description":"Conforme previsto no Cap\u00edtulo IX do Regulamento Art. 1\u00a0\u2013 No dia do encerramento da XII Olimp\u00edada Ambiental as premia\u00e7\u00f5es acontecer\u00e3o de acordo com as modalidades\/submodalidades de Arte e Produ\u00e7\u00e3o de texto e Educomunica\u00e7\u00e3o \u2013 m\u00fasica (alunos) em cada submodalidade a &hellip; Conte\u00fado","og_url":"https:\/\/olimpiadaambiental.se.gov.br\/?page_id=34","og_site_name":"Olimp\u00edada Ambiental de Sergipe","article_modified_time":"2019-08-07T03:02:31+00:00","twitter_card":"summary_large_image","twitter_misc":{"Est. tempo de leitura":"2 minutos"},"schema":{"@context":"https:\/\/schema.org","@graph":[{"@type":"WebPage","@id":"https:\/\/olimpiadaambiental.se.gov.br\/?page_id=34","url":"https:\/\/olimpiadaambiental.se.gov.br\/?page_id=34","name":"Premia\u00e7\u00e3o - Olimp\u00edada Ambiental de Sergipe","isPartOf":{"@id":"https:\/\/olimpiadaambiental.se.gov.br\/#website"},"datePublished":"2017-01-10T18:15:33+00:00","dateModified":"2019-08-07T03:02:31+00:00","breadcrumb":{"@id":"https:\/\/olimpiadaambiental.se.gov.br\/?page_id=34#breadcrumb"},"inLanguage":"pt-BR","potentialAction":[{"@type":"ReadAction","target":["https:\/\/olimpiadaambiental.se.gov.br\/?page_id=34"]}]},{"@type":"BreadcrumbList","@id":"https:\/\/olimpiadaambiental.se.gov.br\/?page_id=34#breadcrumb","itemListElement":[{"@type":"ListItem","position":1,"name":"Home","item":"https:\/\/olimpiadaambiental.se.gov.br\/"},{"@type":"ListItem","position":2,"name":"Premia\u00e7\u00e3o"}]},{"@type":"WebSite","@id":"https:\/\/olimpiadaambiental.se.gov.br\/#website","url":"https:\/\/olimpiadaambiental.se.gov.br\/","name":"Olimp\u00edada Ambiental de Sergipe","description":"","potentialAction":[{"@type":"SearchAction","target":{"@type":"EntryPoint","urlTemplate":"https:\/\/olimpiadaambiental.se.gov.br\/?s={search_term_string}"},"query-input":{"@type":"PropertyValueSpecification","valueRequired":true,"valueName":"search_term_string"}}],"inLanguage":"pt-BR"}]}},"_links":{"self":[{"href":"https:\/\/olimpiadaambiental.se.gov.br\/index.php?rest_route=\/wp\/v2\/pages\/34","targetHints":{"allow":["GET"]}}],"collection":[{"href":"https:\/\/olimpiadaambiental.se.gov.br\/index.php?rest_route=\/wp\/v2\/pages"}],"about":[{"href":"https:\/\/olimpiadaambiental.se.gov.br\/index.php?rest_route=\/wp\/v2\/types\/page"}],"author":[{"embeddable":true,"href":"https:\/\/olimpiadaambiental.se.gov.br\/index.php?rest_route=\/wp\/v2\/users\/1"}],"replies":[{"embeddable":true,"href":"https:\/\/olimpiadaambiental.se.gov.br\/index.php?rest_route=%2Fwp%2Fv2%2Fcomments&post=34"}],"version-history":[{"count":8,"href":"https:\/\/olimpiadaambiental.se.gov.br\/index.php?rest_route=\/wp\/v2\/pages\/34\/revisions"}],"predecessor-version":[{"id":1359,"href":"https:\/\/olimpiadaambiental.se.gov.br\/index.php?rest_route=\/wp\/v2\/pages\/34\/revisions\/1359"}],"wp:attachment":[{"href":"https:\/\/olimpiadaambiental.se.gov.br\/index.php?rest_route=%2Fwp%2Fv2%2Fmedia&parent=34"}],"curies":[{"name":"wp","href":"https:\/\/api.w.org\/{rel}","templated":true}]}}