{"id":36,"date":"2017-01-10T16:16:00","date_gmt":"2017-01-10T18:16:00","guid":{"rendered":"http:\/\/172.28.64.123\/sites\/olimpiada\/?page_id=36"},"modified":"2019-08-07T00:00:23","modified_gmt":"2019-08-07T03:00:23","slug":"disposicoes-gerais","status":"publish","type":"page","link":"https:\/\/olimpiadaambiental.se.gov.br\/?page_id=36","title":{"rendered":"Disposi\u00e7\u00f5es Gerais"},"content":{"rendered":"<style type=\"text\/css\"><\/style>\n<section class=\"kc-elm kc-css-4188429 kc_row\">\n<div class=\"kc-row-container  kc-container\">\n<div class=\"kc-wrap-columns\">\n<div class=\"kc-elm kc-css-2484757 kc_col-sm-12 kc_column kc_col-sm-12\">\n<div class=\"kc-col-container\">\n<div class=\"kc-elm kc-css-2750408 kc_text_block\">\n<p><strong>Conforme previsto no Cap\u00edtulo X do <a href=\"https:\/\/www.olimpiadaambiental.se.gov.br\/?page_id=1285\">Regulamento\u00a0<\/a><\/strong><\/p>\n<p><strong>\u00a0<\/strong><\/p>\n<p><strong>&#8221; Art. 1<\/strong>\u00a0\u2013 O Lan\u00e7amento da XII Olimp\u00edada ocorrer\u00e1 no dia 07 de agosto de 2019, a partir das 09 h, local Biblioteca Epif\u00e2nio D\u00f3rea\u00a0e o Encerramento e Premia\u00e7\u00e3o no dia 27 de novembro de 2018, a partir das 09h, local Complexo Cultural Gonzag\u00e3o<strong>.\u00a0<\/strong><\/p>\n<p><strong>Art. 2<\/strong>\u00a0\u2013 As escolas ficam comprometidas em retirar seus trabalhos do mesmo local em que entregaram, nos dias 02 a 06 de dezembro de 2019, no hor\u00e1rio das 08 h \u00e0s 12 h, passando esses dias os trabalhos ser\u00e3o destinados a reciclagem e\/ou doa\u00e7\u00e3o, sem disponibiliza\u00e7\u00e3o de qualquer quantia por direitos autorais.<\/p>\n<p><strong>Art. 3<\/strong>\u00a0\u2013 O Cadastro e a inscri\u00e7\u00e3o dever\u00e3o ser realizadas a partir do dia<strong>\u00a008\u00a0de agosto de 2019<\/strong>\u00a0ao dia\u00a0<strong>\u00a0<\/strong><strong>04 de\u00a0outubro de 2019<\/strong>, conforme o regulamento, atrav\u00e9s do<strong>\u00a0site:<\/strong>\u00a0<a href=\"http:\/\/www.olimpiadaambiental.se.gov.br\/\"><strong>www.olimpiadaambiental.se.gov.br<\/strong><\/a>\u00a0fazendo o preenchimento do:<\/p>\n<p>Cadastro do professor com CPF e tamb\u00e9m de todos os alunos participantes nas modalidades de Artes, Produ\u00e7\u00e3o de Texto e Educomunica\u00e7\u00e3o, junto ao professor respons\u00e1vel pelo acompanhamento e orienta\u00e7\u00e3o dos trabalhos, individual ou em grupo. Para os professores que forem participar da Modalidade III Educomunica\u00e7\u00e3o submodalidade V\u00eddeo aula, tamb\u00e9m dever\u00e3o realizar o cadastro com CPF e inscri\u00e7\u00e3o. Os participantes dever\u00e3o seguir todos os passos do sistema para conclus\u00e3o dos mesmos.\u00a0<\/p>\n<p>Par\u00e1grafo 1\u00ba: Os trabalhos somente ser\u00e3o recebidos juntamente a ficha de inscri\u00e7\u00e3o devidamente preenchida e com o n\u00famero de inscri\u00e7\u00e3o em anexo, realizado somente no site da Olimp\u00edada Ambiental.<\/p>\n<p><strong>Art. 4<\/strong>\u00a0\u2013 Todos os participantes que estejam cadastrados, inscritos ou n\u00e3o, autorizam o uso da imagem e voz em todos os atos da XII Olimp\u00edada Ambiental, para fins de divulga\u00e7\u00e3o e publicidade das a\u00e7\u00f5es realizadas em car\u00e1ter definitivo e gratuito, constante em fotos e filmagens.<\/p>\n<p><strong>Par\u00e1grafo \u00fanico\u00a0<\/strong>\u2013 As imagens e voz poder\u00e3o ser exibidas parcial ou total, em apresenta\u00e7\u00f5es audiovisuais, publica\u00e7\u00f5es e divulga\u00e7\u00f5es em exposi\u00e7\u00f5es e festivais com ou sem premia\u00e7\u00f5es remuneradas nacionais e internacionais, assim como disponibilizadas no banco de imagens de pesquisas da internet e em outras m\u00eddias futuras.<\/p>\n<p><strong>Art. 5<\/strong>\u00a0\u2013 O Governo do Estado, a Secretaria de Estado de Desenvolvimento Urbano e Sustentabilidade \u2013 SEDURBS, a Superintend\u00eancia Especial de Recursos H\u00eddricos e Meio Ambiente \u2013 SERHMA e a Coordena\u00e7\u00e3o da XII Olimp\u00edada Ambiental, n\u00e3o se responsabilizam por solicita\u00e7\u00f5es de inscri\u00e7\u00f5es n\u00e3o recebidas por motivo de ordem t\u00e9cnica dos computadores, falhas de comunica\u00e7\u00e3o, congestionamento das linhas de comunica\u00e7\u00e3o, falta de energia el\u00e9trica, bem como outros fatores que impossibilitem o cadastro e inscri\u00e7\u00e3o.<\/p>\n<p><strong>Art. 6<\/strong>\u00a0\u2013 Todos os casos difusos, dever\u00e3o ser encaminhadas a Coordena\u00e7\u00e3o da XII Olimp\u00edada Ambiental.<\/p>\n<p>\u00a0<strong>Art. 7<\/strong>\u00a0\u2013\u00a0<strong><u>Est\u00e1 expressamente proibido o recebimento de trabalhos feitos com Isopor, e qualquer trabalho com nome do aluno, nome ou logomarca da escola, exceto na modalidade Educomunica\u00e7\u00e3o, onde as m\u00eddias dever\u00e3o ser postadas no\u00a0<\/u><\/strong><strong><u>YouTube<\/u><\/strong><strong><u>, atendendo o regulamento.&#8221;<\/u><\/strong><\/p>\n<\/div>\n<\/div>\n<\/div>\n<\/div>\n<\/div>\n<\/section>\n","protected":false},"excerpt":{"rendered":"<p>Conforme previsto no Cap\u00edtulo X do Regulamento\u00a0 \u00a0 &#8221; Art. 1\u00a0\u2013 O Lan\u00e7amento da XII Olimp\u00edada ocorrer\u00e1 no dia 07 de agosto de 2019, a partir das 09 h, local Biblioteca Epif\u00e2nio D\u00f3rea\u00a0e o Encerramento e Premia\u00e7\u00e3o no dia 27 &hellip; <a href=\"https:\/\/olimpiadaambiental.se.gov.br\/?page_id=36\">Conte\u00fado<\/a><\/p>\n","protected":false},"author":1,"featured_media":0,"parent":0,"menu_order":0,"comment_status":"closed","ping_status":"closed","template":"page-fullwidth.php","meta":{"kt_blocks_editor_width":"","footnotes":""},"class_list":["post-36","page","type-page","status-publish","hentry"],"yoast_head":"<!-- This site is optimized with the Yoast SEO plugin v27.4 - https:\/\/yoast.com\/product\/yoast-seo-wordpress\/ -->\n<title>Disposi\u00e7\u00f5es Gerais - Olimp\u00edada Ambiental de Sergipe<\/title>\n<meta name=\"robots\" content=\"index, follow, max-snippet:-1, max-image-preview:large, max-video-preview:-1\" \/>\n<link rel=\"canonical\" href=\"https:\/\/olimpiadaambiental.se.gov.br\/?page_id=36\" \/>\n<meta property=\"og:locale\" content=\"pt_BR\" \/>\n<meta property=\"og:type\" content=\"article\" \/>\n<meta property=\"og:title\" content=\"Disposi\u00e7\u00f5es Gerais - Olimp\u00edada Ambiental de Sergipe\" \/>\n<meta property=\"og:description\" content=\"Conforme previsto no Cap\u00edtulo X do Regulamento\u00a0 \u00a0 &#8221; Art. 1\u00a0\u2013 O Lan\u00e7amento da XII Olimp\u00edada ocorrer\u00e1 no dia 07 de agosto de 2019, a partir das 09 h, local Biblioteca Epif\u00e2nio D\u00f3rea\u00a0e o Encerramento e Premia\u00e7\u00e3o no dia 27 &hellip; Conte\u00fado\" \/>\n<meta property=\"og:url\" content=\"https:\/\/olimpiadaambiental.se.gov.br\/?page_id=36\" \/>\n<meta property=\"og:site_name\" content=\"Olimp\u00edada Ambiental de Sergipe\" \/>\n<meta property=\"article:modified_time\" content=\"2019-08-07T03:00:23+00:00\" \/>\n<meta name=\"twitter:card\" content=\"summary_large_image\" \/>\n<meta name=\"twitter:label1\" content=\"Est. tempo de leitura\" \/>\n\t<meta name=\"twitter:data1\" content=\"3 minutos\" \/>\n<script type=\"application\/ld+json\" class=\"yoast-schema-graph\">{\"@context\":\"https:\\\/\\\/schema.org\",\"@graph\":[{\"@type\":\"WebPage\",\"@id\":\"https:\\\/\\\/olimpiadaambiental.se.gov.br\\\/?page_id=36\",\"url\":\"https:\\\/\\\/olimpiadaambiental.se.gov.br\\\/?page_id=36\",\"name\":\"Disposi\u00e7\u00f5es Gerais - Olimp\u00edada Ambiental de Sergipe\",\"isPartOf\":{\"@id\":\"https:\\\/\\\/olimpiadaambiental.se.gov.br\\\/#website\"},\"datePublished\":\"2017-01-10T18:16:00+00:00\",\"dateModified\":\"2019-08-07T03:00:23+00:00\",\"breadcrumb\":{\"@id\":\"https:\\\/\\\/olimpiadaambiental.se.gov.br\\\/?page_id=36#breadcrumb\"},\"inLanguage\":\"pt-BR\",\"potentialAction\":[{\"@type\":\"ReadAction\",\"target\":[\"https:\\\/\\\/olimpiadaambiental.se.gov.br\\\/?page_id=36\"]}]},{\"@type\":\"BreadcrumbList\",\"@id\":\"https:\\\/\\\/olimpiadaambiental.se.gov.br\\\/?page_id=36#breadcrumb\",\"itemListElement\":[{\"@type\":\"ListItem\",\"position\":1,\"name\":\"Home\",\"item\":\"https:\\\/\\\/olimpiadaambiental.se.gov.br\\\/\"},{\"@type\":\"ListItem\",\"position\":2,\"name\":\"Disposi\u00e7\u00f5es Gerais\"}]},{\"@type\":\"WebSite\",\"@id\":\"https:\\\/\\\/olimpiadaambiental.se.gov.br\\\/#website\",\"url\":\"https:\\\/\\\/olimpiadaambiental.se.gov.br\\\/\",\"name\":\"Olimp\u00edada Ambiental de Sergipe\",\"description\":\"\",\"potentialAction\":[{\"@type\":\"SearchAction\",\"target\":{\"@type\":\"EntryPoint\",\"urlTemplate\":\"https:\\\/\\\/olimpiadaambiental.se.gov.br\\\/?s={search_term_string}\"},\"query-input\":{\"@type\":\"PropertyValueSpecification\",\"valueRequired\":true,\"valueName\":\"search_term_string\"}}],\"inLanguage\":\"pt-BR\"}]}<\/script>\n<!-- \/ Yoast SEO plugin. -->","yoast_head_json":{"title":"Disposi\u00e7\u00f5es Gerais - Olimp\u00edada Ambiental de Sergipe","robots":{"index":"index","follow":"follow","max-snippet":"max-snippet:-1","max-image-preview":"max-image-preview:large","max-video-preview":"max-video-preview:-1"},"canonical":"https:\/\/olimpiadaambiental.se.gov.br\/?page_id=36","og_locale":"pt_BR","og_type":"article","og_title":"Disposi\u00e7\u00f5es Gerais - Olimp\u00edada Ambiental de Sergipe","og_description":"Conforme previsto no Cap\u00edtulo X do Regulamento\u00a0 \u00a0 &#8221; Art. 1\u00a0\u2013 O Lan\u00e7amento da XII Olimp\u00edada ocorrer\u00e1 no dia 07 de agosto de 2019, a partir das 09 h, local Biblioteca Epif\u00e2nio D\u00f3rea\u00a0e o Encerramento e Premia\u00e7\u00e3o no dia 27 &hellip; Conte\u00fado","og_url":"https:\/\/olimpiadaambiental.se.gov.br\/?page_id=36","og_site_name":"Olimp\u00edada Ambiental de Sergipe","article_modified_time":"2019-08-07T03:00:23+00:00","twitter_card":"summary_large_image","twitter_misc":{"Est. tempo de leitura":"3 minutos"},"schema":{"@context":"https:\/\/schema.org","@graph":[{"@type":"WebPage","@id":"https:\/\/olimpiadaambiental.se.gov.br\/?page_id=36","url":"https:\/\/olimpiadaambiental.se.gov.br\/?page_id=36","name":"Disposi\u00e7\u00f5es Gerais - Olimp\u00edada Ambiental de Sergipe","isPartOf":{"@id":"https:\/\/olimpiadaambiental.se.gov.br\/#website"},"datePublished":"2017-01-10T18:16:00+00:00","dateModified":"2019-08-07T03:00:23+00:00","breadcrumb":{"@id":"https:\/\/olimpiadaambiental.se.gov.br\/?page_id=36#breadcrumb"},"inLanguage":"pt-BR","potentialAction":[{"@type":"ReadAction","target":["https:\/\/olimpiadaambiental.se.gov.br\/?page_id=36"]}]},{"@type":"BreadcrumbList","@id":"https:\/\/olimpiadaambiental.se.gov.br\/?page_id=36#breadcrumb","itemListElement":[{"@type":"ListItem","position":1,"name":"Home","item":"https:\/\/olimpiadaambiental.se.gov.br\/"},{"@type":"ListItem","position":2,"name":"Disposi\u00e7\u00f5es Gerais"}]},{"@type":"WebSite","@id":"https:\/\/olimpiadaambiental.se.gov.br\/#website","url":"https:\/\/olimpiadaambiental.se.gov.br\/","name":"Olimp\u00edada Ambiental de Sergipe","description":"","potentialAction":[{"@type":"SearchAction","target":{"@type":"EntryPoint","urlTemplate":"https:\/\/olimpiadaambiental.se.gov.br\/?s={search_term_string}"},"query-input":{"@type":"PropertyValueSpecification","valueRequired":true,"valueName":"search_term_string"}}],"inLanguage":"pt-BR"}]}},"_links":{"self":[{"href":"https:\/\/olimpiadaambiental.se.gov.br\/index.php?rest_route=\/wp\/v2\/pages\/36","targetHints":{"allow":["GET"]}}],"collection":[{"href":"https:\/\/olimpiadaambiental.se.gov.br\/index.php?rest_route=\/wp\/v2\/pages"}],"about":[{"href":"https:\/\/olimpiadaambiental.se.gov.br\/index.php?rest_route=\/wp\/v2\/types\/page"}],"author":[{"embeddable":true,"href":"https:\/\/olimpiadaambiental.se.gov.br\/index.php?rest_route=\/wp\/v2\/users\/1"}],"replies":[{"embeddable":true,"href":"https:\/\/olimpiadaambiental.se.gov.br\/index.php?rest_route=%2Fwp%2Fv2%2Fcomments&post=36"}],"version-history":[{"count":7,"href":"https:\/\/olimpiadaambiental.se.gov.br\/index.php?rest_route=\/wp\/v2\/pages\/36\/revisions"}],"predecessor-version":[{"id":1357,"href":"https:\/\/olimpiadaambiental.se.gov.br\/index.php?rest_route=\/wp\/v2\/pages\/36\/revisions\/1357"}],"wp:attachment":[{"href":"https:\/\/olimpiadaambiental.se.gov.br\/index.php?rest_route=%2Fwp%2Fv2%2Fmedia&parent=36"}],"curies":[{"name":"wp","href":"https:\/\/api.w.org\/{rel}","templated":true}]}}